{"id":43,"date":"2025-11-28T17:24:25","date_gmt":"2025-11-28T14:24:25","guid":{"rendered":"http:\/\/reyaperde.com\/?page_id=43"},"modified":"2025-12-22T12:48:32","modified_gmt":"2025-12-22T09:48:32","slug":"kurumsal","status":"publish","type":"page","link":"https:\/\/reyaperde.com\/fr\/kurumsal\/","title":{"rendered":"Institutionnel"},"content":{"rendered":"<p>[et_pb_section fb_built=&#8221;1&#8243; theme_builder_area=&#8221;post_content&#8221; _builder_version=&#8221;4.27.5&#8243; _module_preset=&#8221;default&#8221; background_color=&#8221;#333333&#8243; background_image=&#8221;https:\/\/reyaperde.com\/wp-content\/uploads\/2025\/12\/Dikey-Tul.jpeg&#8221; hover_enabled=&#8221;0&#8243; sticky_enabled=&#8221;0&#8243; background_blend=&#8221;overlay&#8221; title_text=&#8221;Dikey Tu\u0308l&#8221;][et_pb_row _builder_version=&#8221;4.27.5&#8243; _module_preset=&#8221;default&#8221; theme_builder_area=&#8221;post_content&#8221;][et_pb_column _builder_version=&#8221;4.27.5&#8243; _module_preset=&#8221;default&#8221; type=&#8221;4_4&#8243; theme_builder_area=&#8221;post_content&#8221;][et_pb_heading title=&#8221;@ET-DC@eyJkeW5hbWljIjp0cnVlLCJjb250ZW50IjoicG9zdF90aXRsZSIsInNldHRpbmdzIjp7ImJlZm9yZSI6IiIsImFmdGVyIjoiIn19@&#8221; _builder_version=&#8221;4.27.5&#8243; _module_preset=&#8221;default&#8221; theme_builder_area=&#8221;post_content&#8221; _dynamic_attributes=&#8221;title&#8221; title_text_color=&#8221;#FFFFFF&#8221; title_font=&#8221;|||on|||||&#8221; title_font_size=&#8221;50px&#8221; hover_enabled=&#8221;0&#8243; sticky_enabled=&#8221;0&#8243;][\/et_pb_heading][\/et_pb_column][\/et_pb_row][\/et_pb_section][et_pb_section fb_built=&#8221;1&#8243; admin_label=&#8221;Work&#8221; module_id=&#8221;kategori&#8221; _builder_version=&#8221;4.27.5&#8243; background_image=&#8221;https:\/\/reyaperde.com\/wp-content\/uploads\/2025\/12\/art-gallery-55.jpg&#8221; background_size=&#8221;initial&#8221; background_repeat=&#8221;repeat&#8221; custom_padding=&#8221;47px|||||&#8221; global_colors_info=&#8221;{}&#8221; theme_builder_area=&#8221;post_content&#8221;][et_pb_row custom_padding_last_edited=&#8221;off|phone&#8221; _builder_version=&#8221;4.16&#8243; background_position=&#8221;bottom_center&#8221; custom_padding_tablet=&#8221;17vw||17vw||false&#8221; use_custom_width=&#8221;on&#8221; width_unit=&#8221;off&#8221; custom_width_percent=&#8221;100%&#8221; locked=&#8221;off&#8221; global_colors_info=&#8221;{}&#8221; column_structure=&#8221;3_5,2_5&#8243; theme_builder_area=&#8221;post_content&#8221;][et_pb_column type=&#8221;3_5&#8243; _builder_version=&#8221;4.16&#8243; custom_padding=&#8221;|||&#8221; global_colors_info=&#8221;{}&#8221; custom_padding__hover=&#8221;|||&#8221; theme_builder_area=&#8221;post_content&#8221;][et_pb_text _builder_version=&#8221;4.27.5&#8243; text_font=&#8221;||||||||&#8221; header_font=&#8221;||||||||&#8221; header_2_font=&#8221;|700|||||||&#8221; header_2_text_align=&#8221;left&#8221; header_2_font_size=&#8221;56px&#8221; header_2_line_height=&#8221;1.3em&#8221; header_3_font=&#8221;|700||on|||||&#8221; header_3_text_align=&#8221;center&#8221; header_3_text_color=&#8221;rgba(0,0,0,0.35)&#8221; header_3_font_size=&#8221;12px&#8221; header_3_letter_spacing=&#8221;5px&#8221; header_3_line_height=&#8221;2em&#8221; transform_translate_linked=&#8221;off&#8221; max_width_tablet=&#8221;70%&#8221; max_width_last_edited=&#8221;off|phone&#8221; module_alignment=&#8221;center&#8221; hover_enabled=&#8221;0&#8243; header_2_font_size_tablet=&#8221;40px&#8221; header_2_font_size_phone=&#8221;26px&#8221; header_2_font_size_last_edited=&#8221;on|tablet&#8221; header_3_font_size_phone=&#8221;10px&#8221; header_3_font_size_last_edited=&#8221;off|desktop&#8221; module_alignment_last_edited=&#8221;off|desktop&#8221; global_colors_info=&#8221;{}&#8221; theme_builder_area=&#8221;post_content&#8221; sticky_enabled=&#8221;0&#8243;]<\/p>\n<h2>Hakk\u0131m\u0131zda<\/h2>\n<p>[\/et_pb_text][et_pb_text _builder_version=&#8221;4.27.5&#8243; _module_preset=&#8221;default&#8221; theme_builder_area=&#8221;post_content&#8221; hover_enabled=&#8221;0&#8243; sticky_enabled=&#8221;0&#8243;]<\/p>\n<p class=\"p1\">1993 y\u0131l\u0131nda <span class=\"s1\"><b>Perakende sekt\u00f6r\u00fcne \u00d6nses Perde<\/b><\/span> ad\u0131yla ad\u0131m atan firmam\u0131z, sekt\u00f6rde edindi\u011fi uzun y\u0131llara dayanan tecr\u00fcbe ve m\u00fc\u015fteri odakl\u0131 yakla\u015f\u0131m\u0131n\u0131 2015 y\u0131l\u0131nda <span class=\"s1\"><b>RE-YA Mekanik Perde<\/b><\/span> markas\u0131yla imalat sekt\u00f6r\u00fcne ta\u015f\u0131yarak \u00f6nemli bir d\u00f6n\u00fc\u015f\u00fcm ger\u00e7ekle\u015ftirmi\u015ftir.<\/p>\n<p class=\"p2\">\n<p class=\"p1\">Kurulu\u015fundan itibaren kalite, g\u00fcven ve s\u00fcrd\u00fcr\u00fclebilir hizmet anlay\u0131\u015f\u0131n\u0131 ilke edinen firmam\u0131z; <span class=\"s1\"><b>stor perde ve zebra perde<\/b><\/span> ba\u015fta olmak \u00fczere mekanik perde sistemleri alan\u0131nda \u00fcretim kapasitesini her ge\u00e7en g\u00fcn art\u0131rm\u0131\u015f, teknolojik altyap\u0131s\u0131n\u0131 s\u00fcrekli geli\u015ftirerek sekt\u00f6rde g\u00fc\u00e7l\u00fc bir konuma ula\u015fm\u0131\u015ft\u0131r.<\/p>\n<p class=\"p2\">\n<p class=\"p1\">RE-YA Mekanik Perde, yenilik\u00e7i \u00fcretim anlay\u0131\u015f\u0131, y\u00fcksek kalite standartlar\u0131 ve zaman\u0131nda teslim prensibiyle; bayilerine ve m\u00fc\u015fterilerine en iyi hizmeti sunmay\u0131 hedeflemekte, estetik ve fonksiyonelli\u011fi bir araya getiren \u00e7\u00f6z\u00fcmleriyle ya\u015fam alanlar\u0131na de\u011fer katmaktad\u0131r.<\/p>\n<p class=\"p2\">\n<p class=\"p1\">Bug\u00fcn, ge\u00e7mi\u015ften gelen tecr\u00fcbesini modern \u00fcretim g\u00fcc\u00fcyle birle\u015ftiren firmam\u0131z, m\u00fc\u015fteri memnuniyetini \u00f6n planda tutarak sekt\u00f6rde g\u00fcvenilir ve tercih edilen bir marka olma yolunda emin ad\u0131mlarla ilerlemektedir.<\/p>\n<p>[\/et_pb_text][\/et_pb_column][et_pb_column type=&#8221;2_5&#8243; _builder_version=&#8221;4.16&#8243; custom_padding=&#8221;|||&#8221; global_colors_info=&#8221;{}&#8221; custom_padding__hover=&#8221;|||&#8221; theme_builder_area=&#8221;post_content&#8221;][et_pb_image src=&#8221;https:\/\/reyaperde.com\/wp-content\/uploads\/2025\/12\/reya_mekanik_perde_sistemleri_1622102132.jpg&#8221; _builder_version=&#8221;4.27.5&#8243; _module_preset=&#8221;default&#8221; theme_builder_area=&#8221;post_content&#8221; title_text=&#8221;reya_mekanik_perde_sistemleri_1622102132&#8243; hover_enabled=&#8221;0&#8243; sticky_enabled=&#8221;0&#8243; align=&#8221;center&#8221; custom_padding=&#8221;70px||||false|false&#8221;][\/et_pb_image][\/et_pb_column][\/et_pb_row][\/et_pb_section][et_pb_section fb_built=&#8221;1&#8243; admin_label=&#8221;Shop&#8221; _builder_version=&#8221;4.27.5&#8243; background_color=&#8221;#000000&#8243; background_enable_image=&#8221;off&#8221; custom_padding=&#8221;||||true|false&#8221; global_colors_info=&#8221;{}&#8221; theme_builder_area=&#8221;post_content&#8221;][et_pb_row column_structure=&#8221;1_5,1_5,1_5,1_5,1_5&#8243; custom_padding_last_edited=&#8221;off|phone&#8221; _builder_version=&#8221;4.16&#8243; background_position=&#8221;bottom_center&#8221; custom_padding_tablet=&#8221;17vw||17vw||false&#8221; use_custom_width=&#8221;on&#8221; width_unit=&#8221;off&#8221; custom_width_percent=&#8221;100%&#8221; locked=&#8221;off&#8221; global_colors_info=&#8221;{}&#8221; theme_builder_area=&#8221;post_content&#8221;][et_pb_column type=&#8221;1_5&#8243; _builder_version=&#8221;4.16&#8243; custom_padding=&#8221;|||&#8221; global_colors_info=&#8221;{}&#8221; custom_padding__hover=&#8221;|||&#8221; theme_builder_area=&#8221;post_content&#8221;][et_pb_number_counter title=&#8221;B\u00fcy\u00fcme Hedefi&#8221; number=&#8221;100&#8243; _builder_version=&#8221;4.27.5&#8243; _module_preset=&#8221;default&#8221; title_font=&#8221;|600||on|||||&#8221; title_text_color=&#8221;#FFFFFF&#8221; global_colors_info=&#8221;{}&#8221; theme_builder_area=&#8221;post_content&#8221;][\/et_pb_number_counter][\/et_pb_column][et_pb_column type=&#8221;1_5&#8243; _builder_version=&#8221;4.16&#8243; custom_padding=&#8221;|||&#8221; global_colors_info=&#8221;{}&#8221; custom_padding__hover=&#8221;|||&#8221; theme_builder_area=&#8221;post_content&#8221;][et_pb_number_counter title=&#8221;Stok&#8221; number=&#8221;99&#8243; _builder_version=&#8221;4.27.5&#8243; _module_preset=&#8221;default&#8221; title_font=&#8221;|600||on|||||&#8221; title_text_color=&#8221;#FFFFFF&#8221; global_colors_info=&#8221;{}&#8221; theme_builder_area=&#8221;post_content&#8221;][\/et_pb_number_counter][\/et_pb_column][et_pb_column type=&#8221;1_5&#8243; _builder_version=&#8221;4.16&#8243; custom_padding=&#8221;|||&#8221; global_colors_info=&#8221;{}&#8221; custom_padding__hover=&#8221;|||&#8221; theme_builder_area=&#8221;post_content&#8221;][et_pb_number_counter title=&#8221;\u00dcr\u00fcn \u00c7e\u015fidi&#8221; number=&#8221;350+&#8221; percent_sign=&#8221;off&#8221; _builder_version=&#8221;4.27.5&#8243; _module_preset=&#8221;default&#8221; title_font=&#8221;|600||on|||||&#8221; title_text_color=&#8221;#FFFFFF&#8221; global_colors_info=&#8221;{}&#8221; theme_builder_area=&#8221;post_content&#8221;][\/et_pb_number_counter][\/et_pb_column][et_pb_column type=&#8221;1_5&#8243; _builder_version=&#8221;4.16&#8243; custom_padding=&#8221;|||&#8221; global_colors_info=&#8221;{}&#8221; custom_padding__hover=&#8221;|||&#8221; theme_builder_area=&#8221;post_content&#8221;][et_pb_number_counter title=&#8221;\u0130hracat \u00fclkesi&#8221; number=&#8221;14&#8243; percent_sign=&#8221;off&#8221; _builder_version=&#8221;4.27.5&#8243; _module_preset=&#8221;default&#8221; title_font=&#8221;|600||on|||||&#8221; title_text_color=&#8221;#FFFFFF&#8221; global_colors_info=&#8221;{}&#8221; theme_builder_area=&#8221;post_content&#8221;][\/et_pb_number_counter][\/et_pb_column][et_pb_column type=&#8221;1_5&#8243; _builder_version=&#8221;4.16&#8243; custom_padding=&#8221;|||&#8221; global_colors_info=&#8221;{}&#8221; custom_padding__hover=&#8221;|||&#8221; theme_builder_area=&#8221;post_content&#8221;][et_pb_number_counter title=&#8221;Mutlu M\u00fc\u015fteri&#8221; number=&#8221;5000+&#8221; percent_sign=&#8221;off&#8221; _builder_version=&#8221;4.27.5&#8243; _module_preset=&#8221;default&#8221; title_font=&#8221;|600||on|||||&#8221; title_text_color=&#8221;#FFFFFF&#8221; global_colors_info=&#8221;{}&#8221; theme_builder_area=&#8221;post_content&#8221;][\/et_pb_number_counter][\/et_pb_column][\/et_pb_row][\/et_pb_section][et_pb_section fb_built=&#8221;1&#8243; admin_label=&#8221;News&#8221; _builder_version=&#8221;4.16&#8243; background_image=&#8221;https:\/\/reyaperde.com\/wp-content\/uploads\/2025\/12\/art-gallery-55.jpg&#8221; background_size=&#8221;initial&#8221; background_repeat=&#8221;repeat&#8221; global_colors_info=&#8221;{}&#8221; theme_builder_area=&#8221;post_content&#8221;][et_pb_row custom_padding_last_edited=&#8221;off|phone&#8221; _builder_version=&#8221;4.27.5&#8243; background_position=&#8221;bottom_center&#8221; custom_padding_tablet=&#8221;17vw||17vw||false&#8221; hover_enabled=&#8221;0&#8243; use_custom_width=&#8221;on&#8221; width_unit=&#8221;off&#8221; custom_width_percent=&#8221;100%&#8221; locked=&#8221;off&#8221; global_colors_info=&#8221;{}&#8221; column_structure=&#8221;3_4,1_4&#8243; theme_builder_area=&#8221;post_content&#8221; make_equal=&#8221;on&#8221; sticky_enabled=&#8221;0&#8243;][et_pb_column type=&#8221;3_4&#8243; _builder_version=&#8221;4.16&#8243; custom_padding=&#8221;|||&#8221; global_colors_info=&#8221;{}&#8221; custom_padding__hover=&#8221;|||&#8221; theme_builder_area=&#8221;post_content&#8221;][et_pb_text _builder_version=&#8221;4.27.5&#8243; text_font=&#8221;||||||||&#8221; header_font=&#8221;||||||||&#8221; header_2_font=&#8221;|700|||||||&#8221; header_2_text_align=&#8221;left&#8221; header_2_font_size=&#8221;40px&#8221; header_2_line_height=&#8221;1.3em&#8221; header_3_font=&#8221;|700||on|||||&#8221; header_3_text_align=&#8221;center&#8221; header_3_text_color=&#8221;rgba(0,0,0,0.35)&#8221; header_3_font_size=&#8221;12px&#8221; header_3_letter_spacing=&#8221;5px&#8221; header_3_line_height=&#8221;2em&#8221; transform_translate_linked=&#8221;off&#8221; max_width_tablet=&#8221;70%&#8221; max_width_last_edited=&#8221;off|phone&#8221; module_alignment=&#8221;center&#8221; hover_enabled=&#8221;0&#8243; header_2_font_size_tablet=&#8221;40px&#8221; header_2_font_size_phone=&#8221;26px&#8221; header_2_font_size_last_edited=&#8221;on|tablet&#8221; header_3_font_size_phone=&#8221;10px&#8221; header_3_font_size_last_edited=&#8221;off|desktop&#8221; module_alignment_last_edited=&#8221;off|desktop&#8221; global_colors_info=&#8221;{}&#8221; theme_builder_area=&#8221;post_content&#8221; sticky_enabled=&#8221;0&#8243;]<\/p>\n<h2>Misyonumuz<\/h2>\n<p>[\/et_pb_text][et_pb_text _builder_version=&#8221;4.27.5&#8243; _module_preset=&#8221;default&#8221; theme_builder_area=&#8221;post_content&#8221; hover_enabled=&#8221;0&#8243; sticky_enabled=&#8221;0&#8243;]<\/p>\n<p class=\"p1\">M\u00fc\u015fteri memnuniyeti ve m\u00fc\u015fteri \u00f6nceli\u011fi, <span class=\"s1\"><b>RE-YA Mekanik Perde Sistemleri<\/b><\/span>\u2019nin kurulu\u015fundan bu yana vazge\u00e7ilmez misyonunun temelini olu\u015fturmaktad\u0131r. Kaliteye verdi\u011fimiz \u00f6nem ve yenilik\u00e7i yakla\u015f\u0131m\u0131m\u0131z, firmam\u0131z\u0131 sekt\u00f6rde markala\u015ft\u0131ran en g\u00fc\u00e7l\u00fc de\u011ferlerimiz aras\u0131nda yer almaktad\u0131r.<\/p>\n<p class=\"p2\">\n<p class=\"p1\">Bu g\u00fc\u00e7l\u00fc kimlik ile perde sistemleri sekt\u00f6r\u00fcne uzun y\u0131llard\u0131r hizmet vermekte; yurt i\u00e7inde ve yurt d\u0131\u015f\u0131nda elde etti\u011fimiz ba\u015far\u0131y\u0131, <span class=\"s1\"><b>aile olma bilinci<\/b><\/span>, kar\u015f\u0131l\u0131kl\u0131 g\u00fcven ve s\u00fcrd\u00fcr\u00fclebilir i\u015f birlikleri \u00fczerine in\u015fa etmekteyiz.<\/p>\n<p class=\"p2\">\n<p class=\"p1\">Bu misyonun \u0131\u015f\u0131\u011f\u0131nda, gelecekte de ayn\u0131 kararl\u0131l\u0131k ve heyecanla, siz de\u011ferli m\u00fc\u015fterilerimizle birlikte uzun y\u0131llar boyunca b\u00fcy\u00fcmeyi ve geli\u015fmeyi hedefliyoruz.<\/p>\n<p>[\/et_pb_text][et_pb_text _builder_version=&#8221;4.27.5&#8243; text_font=&#8221;||||||||&#8221; header_font=&#8221;||||||||&#8221; header_2_font=&#8221;|700|||||||&#8221; header_2_text_align=&#8221;left&#8221; header_2_font_size=&#8221;40px&#8221; header_2_line_height=&#8221;1.3em&#8221; header_3_font=&#8221;|700||on|||||&#8221; header_3_text_align=&#8221;center&#8221; header_3_text_color=&#8221;rgba(0,0,0,0.35)&#8221; header_3_font_size=&#8221;12px&#8221; header_3_letter_spacing=&#8221;5px&#8221; header_3_line_height=&#8221;2em&#8221; transform_translate_linked=&#8221;off&#8221; max_width_tablet=&#8221;70%&#8221; max_width_last_edited=&#8221;off|phone&#8221; module_alignment=&#8221;center&#8221; hover_enabled=&#8221;0&#8243; header_2_font_size_tablet=&#8221;40px&#8221; header_2_font_size_phone=&#8221;26px&#8221; header_2_font_size_last_edited=&#8221;on|tablet&#8221; header_3_font_size_phone=&#8221;10px&#8221; header_3_font_size_last_edited=&#8221;off|desktop&#8221; module_alignment_last_edited=&#8221;off|desktop&#8221; global_colors_info=&#8221;{}&#8221; theme_builder_area=&#8221;post_content&#8221; sticky_enabled=&#8221;0&#8243;]<\/p>\n<h2>Vizyonumuz<\/h2>\n<p>[\/et_pb_text][et_pb_text _builder_version=&#8221;4.27.5&#8243; _module_preset=&#8221;default&#8221; theme_builder_area=&#8221;post_content&#8221; hover_enabled=&#8221;0&#8243; sticky_enabled=&#8221;0&#8243;]<\/p>\n<p class=\"p1\">Prensipler, bir firman\u0131n vizyonunu ayakta tutan en sa\u011flam temeldir. Her bir prensip, b\u00fcnyesinde pek \u00e7ok vizyonu besler ve gelece\u011fe y\u00f6n verir. <span class=\"s1\"><b>RE-YA Ailesi<\/b><\/span> olarak bizler, kurulu\u015fumuzdan bu yana prensiplerinden asla \u00f6d\u00fcn vermeyen firmalar aras\u0131nda yer almay\u0131 ilke edindik.<\/p>\n<p class=\"p2\">\n<p class=\"p1\">Yenilik\u00e7ilik ba\u015fta olmak \u00fczere; kalite anlay\u0131\u015f\u0131m\u0131z, geni\u015f \u00fcr\u00fcn \u00e7e\u015fitlili\u011fimiz, fiyat istikrar\u0131m\u0131z, sekt\u00f6rdeki g\u00fc\u00e7l\u00fc duru\u015fumuz, etkin sat\u0131\u015f stratejilerimiz ve yayg\u0131n pazar a\u011f\u0131m\u0131z vizyonumuzun temel yap\u0131 ta\u015flar\u0131n\u0131 olu\u015fturmaktad\u0131r. T\u00fcm bu de\u011ferlerin merkezinde ise her zaman <span class=\"s1\"><b>m\u00fc\u015fteri memnuniyeti<\/b><\/span> yer almaktad\u0131r.<\/p>\n<p class=\"p2\">\n<p class=\"p1\">En \u00f6nemli prensibimiz ise m\u00fc\u015fterilerimizi yaln\u0131zca birer i\u015f orta\u011f\u0131 de\u011fil, <span class=\"s1\"><b>ailemizin bir par\u00e7as\u0131<\/b><\/span> olarak g\u00f6rmemiz ve bu bilin\u00e7le hareket etmemizdir. \u0130\u015fte bu yakla\u015f\u0131m, bizi <span class=\"s1\"><b>RE-YA<\/b><\/span> yapan ve sekt\u00f6rde farkl\u0131la\u015ft\u0131ran en belirgin \u00f6zelli\u011fimizdir.<\/p>\n<p>[\/et_pb_text][\/et_pb_column][et_pb_column type=&#8221;1_4&#8243; _builder_version=&#8221;4.27.5&#8243; custom_padding=&#8221;|||&#8221; hover_enabled=&#8221;0&#8243; global_colors_info=&#8221;{}&#8221; custom_padding__hover=&#8221;|||&#8221; theme_builder_area=&#8221;post_content&#8221; title_text=&#8221;Plise-1&#8243; background_image=&#8221;https:\/\/reyaperde.com\/wp-content\/uploads\/2025\/12\/Plise-1.jpeg&#8221; sticky_enabled=&#8221;0&#8243;][\/et_pb_column][\/et_pb_row][\/et_pb_section]<\/p>\n","protected":false},"excerpt":{"rendered":"<p>Hakk\u0131m\u0131zda1993 y\u0131l\u0131nda Perakende sekt\u00f6r\u00fcne \u00d6nses Perde ad\u0131yla ad\u0131m atan firmam\u0131z, sekt\u00f6rde edindi\u011fi uzun y\u0131llara dayanan tecr\u00fcbe ve m\u00fc\u015fteri odakl\u0131 yakla\u015f\u0131m\u0131n\u0131 2015 y\u0131l\u0131nda RE-YA Mekanik Perde markas\u0131yla imalat sekt\u00f6r\u00fcne ta\u015f\u0131yarak \u00f6nemli bir d\u00f6n\u00fc\u015f\u00fcm ger\u00e7ekle\u015ftirmi\u015ftir. Kurulu\u015fundan itibaren kalite, g\u00fcven ve s\u00fcrd\u00fcr\u00fclebilir hizmet anlay\u0131\u015f\u0131n\u0131 ilke edinen firmam\u0131z; stor perde ve zebra perde ba\u015fta olmak \u00fczere mekanik perde sistemleri [&hellip;]<\/p>\n","protected":false},"author":1,"featured_media":0,"parent":0,"menu_order":0,"comment_status":"closed","ping_status":"closed","template":"","meta":{"_acf_changed":false,"_et_pb_use_builder":"on","_et_pb_old_content":"","_et_gb_content_width":"","_vp_format_video_url":"","_vp_image_focal_point":[],"footnotes":""},"difl_page_category":[],"class_list":["post-43","page","type-page","status-publish","hentry"],"acf":[],"_links":{"self":[{"href":"https:\/\/reyaperde.com\/fr\/wp-json\/wp\/v2\/pages\/43","targetHints":{"allow":["GET"]}}],"collection":[{"href":"https:\/\/reyaperde.com\/fr\/wp-json\/wp\/v2\/pages"}],"about":[{"href":"https:\/\/reyaperde.com\/fr\/wp-json\/wp\/v2\/types\/page"}],"author":[{"embeddable":true,"href":"https:\/\/reyaperde.com\/fr\/wp-json\/wp\/v2\/users\/1"}],"replies":[{"embeddable":true,"href":"https:\/\/reyaperde.com\/fr\/wp-json\/wp\/v2\/comments?post=43"}],"version-history":[{"count":3,"href":"https:\/\/reyaperde.com\/fr\/wp-json\/wp\/v2\/pages\/43\/revisions"}],"predecessor-version":[{"id":406,"href":"https:\/\/reyaperde.com\/fr\/wp-json\/wp\/v2\/pages\/43\/revisions\/406"}],"wp:attachment":[{"href":"https:\/\/reyaperde.com\/fr\/wp-json\/wp\/v2\/media?parent=43"}],"wp:term":[{"taxonomy":"difl_page_category","embeddable":true,"href":"https:\/\/reyaperde.com\/fr\/wp-json\/wp\/v2\/difl_page_category?post=43"}],"curies":[{"name":"wp","href":"https:\/\/api.w.org\/{rel}","templated":true}]}}