{"id":179,"date":"2025-12-19T05:20:01","date_gmt":"2025-12-19T02:20:01","guid":{"rendered":"https:\/\/reyaperde.com\/?page_id=179"},"modified":"2026-04-08T10:50:58","modified_gmt":"2026-04-08T07:50:58","slug":"ahsap-jaluzi-perde","status":"publish","type":"page","link":"https:\/\/reyaperde.com\/fr\/ahsap-jaluzi-perde\/","title":{"rendered":"Stores v\u00e9nitiens en bois"},"content":{"rendered":"<p>[et_pb_section fb_built=&#8221;1&#8243; _builder_version=&#8221;4.27.5&#8243; _module_preset=&#8221;default&#8221; custom_margin=&#8221;0px|0px|0px|0px|true|true&#8221; custom_padding=&#8221;0px|0px|0px|0px|true|true&#8221; global_colors_info=&#8221;{}&#8221;][et_pb_row column_structure=&#8221;2_3,1_3&#8243; use_custom_gutter=&#8221;on&#8221; make_equal=&#8221;on&#8221; _builder_version=&#8221;4.27.5&#8243; _module_preset=&#8221;default&#8221; width=&#8221;100%&#8221; max_width=&#8221;100%&#8221; max_height=&#8221;51%&#8221; custom_padding=&#8221;1px||1px|||&#8221; global_colors_info=&#8221;{}&#8221;][et_pb_column type=&#8221;2_3&#8243; _builder_version=&#8221;4.27.5&#8243; _module_preset=&#8221;default&#8221; background_image=&#8221;https:\/\/reyaperde.com\/wp-content\/uploads\/2025\/12\/ahsap-stor.png&#8221; custom_padding=&#8221;18vh||18vh||true|false&#8221; custom_padding_tablet=&#8221;11vh||11vh||true|false&#8221; custom_padding_phone=&#8221;11vh||11vh||true|false&#8221; custom_padding_last_edited=&#8221;on|desktop&#8221; global_colors_info=&#8221;{}&#8221;][et_pb_image src=&#8221;@ET-DC@eyJkeW5hbWljIjp0cnVlLCJjb250ZW50IjoicG9zdF9mZWF0dXJlZF9pbWFnZSIsInNldHRpbmdzIjp7fX0=@&#8221; _builder_version=&#8221;4.27.5&#8243; _dynamic_attributes=&#8221;src&#8221; _module_preset=&#8221;default&#8221; global_colors_info=&#8221;{}&#8221;][\/et_pb_image][\/et_pb_column][et_pb_column type=&#8221;1_3&#8243; _builder_version=&#8221;4.27.5&#8243; _module_preset=&#8221;default&#8221; custom_padding=&#8221;41px|15vh|||false|false&#8221; custom_padding_tablet=&#8221;0px|24px||24px|false|true&#8221; custom_padding_phone=&#8221;1px|10px||10px|false|true&#8221; custom_padding_last_edited=&#8221;on|desktop&#8221; global_colors_info=&#8221;{}&#8221;][et_pb_heading title=&#8221;@ET-DC@eyJkeW5hbWljIjp0cnVlLCJjb250ZW50IjoicG9zdF90aXRsZSIsInNldHRpbmdzIjp7ImJlZm9yZSI6IiIsImFmdGVyIjoiIn19@&#8221; _builder_version=&#8221;4.27.5&#8243; _dynamic_attributes=&#8221;title&#8221; _module_preset=&#8221;default&#8221; title_font=&#8221;||||||||&#8221; title_font_size=&#8221;70px&#8221; title_font_size_tablet=&#8221;70px&#8221; title_font_size_phone=&#8221;38px&#8221; title_font_size_last_edited=&#8221;on|phone&#8221; global_colors_info=&#8221;{}&#8221;][\/et_pb_heading][et_pb_text _builder_version=&#8221;4.27.5&#8243; _module_preset=&#8221;default&#8221; global_colors_info=&#8221;{}&#8221;]<\/p>\n<p class=\"p1\"><span class=\"s1\"><b>Ah\u015fap Jalusi Perde<\/b><\/span>, do\u011fal ah\u015fab\u0131n s\u0131cakl\u0131\u011f\u0131n\u0131 modern mekanik sistemlerle birle\u015ftirerek ya\u015fam alanlar\u0131na estetik, konfor ve fonksiyonellik kazand\u0131ran \u00f6zel bir perde \u00e7\u00f6z\u00fcm\u00fcd\u00fcr. Do\u011fal dokusu sayesinde mek\u00e2na \u015f\u0131kl\u0131k ve prestij katarken, ayarlanabilir lamelleri ile \u0131\u015f\u0131k ve gizlilik kontrol\u00fcn\u00fc kullan\u0131c\u0131ya tam anlam\u0131yla sunar.<\/p>\n<p class=\"p2\">\n<p class=\"p1\">Is\u0131 ve \u0131\u015f\u0131k dengesini etkin bi\u00e7imde sa\u011flayan ah\u015fap jalusi perdeler, hem ev hem de ofis kullan\u0131m\u0131na uygundur. Dayan\u0131kl\u0131 yap\u0131s\u0131 ve uzun \u00f6m\u00fcrl\u00fc mekanizmas\u0131 sayesinde y\u0131llar boyunca formunu korur. Farkl\u0131 renk, doku ve \u00f6l\u00e7\u00fc se\u00e7enekleriyle her dekorasyon tarz\u0131na kolayl\u0131kla uyum sa\u011flar.<\/p>\n<p class=\"p2\">\n<p class=\"p1\">Zamans\u0131z tasar\u0131m\u0131, do\u011fal malzeme yap\u0131s\u0131 ve y\u00fcksek kalite standartlar\u0131yla <span class=\"s1\"><b>Ah\u015fap Jalusi Perde<\/b><\/span>, estetikten \u00f6d\u00fcn vermeden konfor arayanlar i\u00e7in ideal bir tercihtir.<\/p>\n<p>[\/et_pb_text][et_pb_icon font_icon=&#8221;&#xf1c1;||fa||900&#8243; icon_width=&#8221;56px&#8221; url=&#8221;https:\/\/reyaperde.com\/catalog\/Ahsap-Jaluzi.pdf&#8221; url_new_window=&#8221;on&#8221; align=&#8221;right&#8221; _builder_version=&#8221;4.27.5&#8243; _module_preset=&#8221;default&#8221; global_colors_info=&#8221;{}&#8221;][\/et_pb_icon][\/et_pb_column][\/et_pb_row][\/et_pb_section][et_pb_section fb_built=&#8221;1&#8243; admin_label=&#8221;Work&#8221; module_id=&#8221;kategori&#8221; _builder_version=&#8221;4.27.5&#8243; background_image=&#8221;https:\/\/reyaperde.com\/wp-content\/uploads\/2025\/12\/art-gallery-55.jpg&#8221; background_size=&#8221;initial&#8221; background_repeat=&#8221;repeat&#8221; custom_padding=&#8221;47px|||||&#8221; global_colors_info=&#8221;{}&#8221;][et_pb_row _builder_version=&#8221;4.27.5&#8243; _module_preset=&#8221;default&#8221; global_colors_info=&#8221;{}&#8221;][et_pb_column type=&#8221;4_4&#8243; _builder_version=&#8221;4.27.5&#8243; _module_preset=&#8221;default&#8221; global_colors_info=&#8221;{}&#8221;][et_pb_gallery gallery_ids=&#8221;419,420,421,422,423,424,425,427,426,428,1127,1128,1129,1130,1131,1132,1133,1134,1135,1136,1137&#8243; posts_number=&#8221;200&#8243; show_pagination=&#8221;off&#8221; _builder_version=&#8221;4.27.6&#8243; _module_preset=&#8221;default&#8221; title_text_align=&#8221;center&#8221; hover_enabled=&#8221;0&#8243; box_shadow_style_image=&#8221;preset1&#8243; global_colors_info=&#8221;{}&#8221; sticky_enabled=&#8221;0&#8243;][\/et_pb_gallery][\/et_pb_column][\/et_pb_row][\/et_pb_section]<\/p>\n","protected":false},"excerpt":{"rendered":"<p>Ah\u015fap Jalusi Perde, do\u011fal ah\u015fab\u0131n s\u0131cakl\u0131\u011f\u0131n\u0131 modern mekanik sistemlerle birle\u015ftirerek ya\u015fam alanlar\u0131na estetik, konfor ve fonksiyonellik kazand\u0131ran \u00f6zel bir perde \u00e7\u00f6z\u00fcm\u00fcd\u00fcr. Do\u011fal dokusu sayesinde mek\u00e2na \u015f\u0131kl\u0131k ve prestij katarken, ayarlanabilir lamelleri ile \u0131\u015f\u0131k ve gizlilik kontrol\u00fcn\u00fc kullan\u0131c\u0131ya tam anlam\u0131yla sunar. Is\u0131 ve \u0131\u015f\u0131k dengesini etkin bi\u00e7imde sa\u011flayan ah\u015fap jalusi perdeler, hem ev hem de ofis [&hellip;]<\/p>\n","protected":false},"author":1,"featured_media":0,"parent":0,"menu_order":0,"comment_status":"closed","ping_status":"closed","template":"","meta":{"_acf_changed":false,"_et_pb_use_builder":"on","_et_pb_old_content":"","_et_gb_content_width":"","_vp_format_video_url":"","_vp_image_focal_point":[],"footnotes":""},"difl_page_category":[],"class_list":["post-179","page","type-page","status-publish","hentry"],"acf":[],"_links":{"self":[{"href":"https:\/\/reyaperde.com\/fr\/wp-json\/wp\/v2\/pages\/179","targetHints":{"allow":["GET"]}}],"collection":[{"href":"https:\/\/reyaperde.com\/fr\/wp-json\/wp\/v2\/pages"}],"about":[{"href":"https:\/\/reyaperde.com\/fr\/wp-json\/wp\/v2\/types\/page"}],"author":[{"embeddable":true,"href":"https:\/\/reyaperde.com\/fr\/wp-json\/wp\/v2\/users\/1"}],"replies":[{"embeddable":true,"href":"https:\/\/reyaperde.com\/fr\/wp-json\/wp\/v2\/comments?post=179"}],"version-history":[{"count":26,"href":"https:\/\/reyaperde.com\/fr\/wp-json\/wp\/v2\/pages\/179\/revisions"}],"predecessor-version":[{"id":1138,"href":"https:\/\/reyaperde.com\/fr\/wp-json\/wp\/v2\/pages\/179\/revisions\/1138"}],"wp:attachment":[{"href":"https:\/\/reyaperde.com\/fr\/wp-json\/wp\/v2\/media?parent=179"}],"wp:term":[{"taxonomy":"difl_page_category","embeddable":true,"href":"https:\/\/reyaperde.com\/fr\/wp-json\/wp\/v2\/difl_page_category?post=179"}],"curies":[{"name":"wp","href":"https:\/\/api.w.org\/{rel}","templated":true}]}}