{"id":177,"date":"2025-12-19T05:20:01","date_gmt":"2025-12-19T02:20:01","guid":{"rendered":"https:\/\/reyaperde.com\/?page_id=177"},"modified":"2026-04-08T10:41:12","modified_gmt":"2026-04-08T07:41:12","slug":"dikey-perde","status":"publish","type":"page","link":"https:\/\/reyaperde.com\/fr\/dikey-perde\/","title":{"rendered":"Rideau vertical"},"content":{"rendered":"<p>[et_pb_section fb_built=&#8221;1&#8243; _builder_version=&#8221;4.27.5&#8243; _module_preset=&#8221;default&#8221; custom_margin=&#8221;0px|0px|0px|0px|true|true&#8221; custom_padding=&#8221;0px|0px|0px|0px|true|true&#8221; global_colors_info=&#8221;{}&#8221;][et_pb_row column_structure=&#8221;2_3,1_3&#8243; use_custom_gutter=&#8221;on&#8221; make_equal=&#8221;on&#8221; _builder_version=&#8221;4.27.5&#8243; _module_preset=&#8221;default&#8221; width=&#8221;100%&#8221; max_width=&#8221;100%&#8221; max_height=&#8221;51%&#8221; custom_padding=&#8221;1px||1px|||&#8221; global_colors_info=&#8221;{}&#8221;][et_pb_column type=&#8221;2_3&#8243; _builder_version=&#8221;4.27.5&#8243; _module_preset=&#8221;default&#8221; background_image=&#8221;https:\/\/reyaperde.com\/wp-content\/uploads\/2025\/12\/Dikey-Perde.jpeg&#8221; custom_padding=&#8221;18vh||18vh||true|false&#8221; custom_padding_tablet=&#8221;11vh||11vh||true|false&#8221; custom_padding_phone=&#8221;11vh||11vh||true|false&#8221; custom_padding_last_edited=&#8221;on|desktop&#8221; global_colors_info=&#8221;{}&#8221;][et_pb_image src=&#8221;@ET-DC@eyJkeW5hbWljIjp0cnVlLCJjb250ZW50IjoicG9zdF9mZWF0dXJlZF9pbWFnZSIsInNldHRpbmdzIjp7fX0=@&#8221; _builder_version=&#8221;4.27.5&#8243; _dynamic_attributes=&#8221;src&#8221; _module_preset=&#8221;default&#8221; global_colors_info=&#8221;{}&#8221;][\/et_pb_image][\/et_pb_column][et_pb_column type=&#8221;1_3&#8243; _builder_version=&#8221;4.27.5&#8243; _module_preset=&#8221;default&#8221; custom_padding=&#8221;41px|15vh|||false|false&#8221; custom_padding_tablet=&#8221;0px|24px||24px|false|true&#8221; custom_padding_phone=&#8221;1px|10px||10px|false|true&#8221; custom_padding_last_edited=&#8221;on|desktop&#8221; global_colors_info=&#8221;{}&#8221;][et_pb_heading title=&#8221;@ET-DC@eyJkeW5hbWljIjp0cnVlLCJjb250ZW50IjoicG9zdF90aXRsZSIsInNldHRpbmdzIjp7ImJlZm9yZSI6IiIsImFmdGVyIjoiIn19@&#8221; _builder_version=&#8221;4.27.5&#8243; _dynamic_attributes=&#8221;title&#8221; _module_preset=&#8221;default&#8221; title_font=&#8221;||||||||&#8221; title_font_size=&#8221;70px&#8221; title_font_size_tablet=&#8221;70px&#8221; title_font_size_phone=&#8221;38px&#8221; title_font_size_last_edited=&#8221;on|phone&#8221; global_colors_info=&#8221;{}&#8221;][\/et_pb_heading][et_pb_text _builder_version=&#8221;4.27.5&#8243; _module_preset=&#8221;default&#8221; global_colors_info=&#8221;{}&#8221;]<\/p>\n<p class=\"p1\"><span class=\"s1\"><b>Dikey Perde<\/b><\/span>, modern mekanlarda hem estetik hem de fonksiyonel \u00e7\u00f6z\u00fcmler sunan \u015f\u0131k bir perde sistemidir. Uzun dikey bantlar\u0131 sayesinde pencerelerde d\u00fczenli ve zarif bir g\u00f6r\u00fcn\u00fcm sa\u011flar, \u0131\u015f\u0131k kontrol\u00fcn\u00fc kolayla\u015ft\u0131r\u0131r.<\/p>\n<p class=\"p2\">\n<p class=\"p1\">Ayarlanabilir mekanizmas\u0131yla perdeyi tamamen a\u00e7abilir, k\u0131smen kapatabilir veya \u0131\u015f\u0131k ge\u00e7irgenli\u011fini istedi\u011finiz seviyede tutabilirsiniz. Ofis, i\u015fyeri ve ev ortamlar\u0131 i\u00e7in ideal olan dikey perdeler, geni\u015f renk ve kuma\u015f se\u00e7enekleriyle dekorasyonunuza kolayl\u0131kla uyum sa\u011flar.<\/p>\n<p class=\"p2\">\n<p class=\"p1\">Dayan\u0131kl\u0131 mekanizmas\u0131 ve uzun \u00f6m\u00fcrl\u00fc kuma\u015flar\u0131yla <span class=\"s1\"><b>Dikey Perde<\/b><\/span>, estetik ve fonksiyonelli\u011fi bir arada arayanlar i\u00e7in pratik bir perde \u00e7\u00f6z\u00fcm\u00fcd\u00fcr<\/p>\n<p>[\/et_pb_text][et_pb_icon font_icon=&#8221;&#xf1c1;||fa||900&#8243; icon_width=&#8221;56px&#8221; url=&#8221;https:\/\/reyaperde.com\/catalog\/Stor-Perde.pdf&#8221; url_new_window=&#8221;on&#8221; align=&#8221;right&#8221; _builder_version=&#8221;4.27.5&#8243; _module_preset=&#8221;default&#8221; global_colors_info=&#8221;{}&#8221;][\/et_pb_icon][\/et_pb_column][\/et_pb_row][\/et_pb_section][et_pb_section fb_built=&#8221;1&#8243; admin_label=&#8221;Work&#8221; module_id=&#8221;kategori&#8221; _builder_version=&#8221;4.27.5&#8243; background_image=&#8221;https:\/\/reyaperde.com\/wp-content\/uploads\/2025\/12\/art-gallery-55.jpg&#8221; background_size=&#8221;initial&#8221; background_repeat=&#8221;repeat&#8221; custom_padding=&#8221;47px|||||&#8221; global_colors_info=&#8221;{}&#8221;][et_pb_row _builder_version=&#8221;4.27.5&#8243; _module_preset=&#8221;default&#8221; global_colors_info=&#8221;{}&#8221;][et_pb_column type=&#8221;4_4&#8243; _builder_version=&#8221;4.27.5&#8243; _module_preset=&#8221;default&#8221; global_colors_info=&#8221;{}&#8221;][et_pb_gallery gallery_ids=&#8221;785,786,787,788,789,790,791,792,793,794,795,796,797,798,799,800,801,802,803,804,805,806,807,808,809,810,811,812,813,814,815,816,817,818,819,820,821,822,823,824,825,826,827,828,829,830,831,832,833,834,835,836,837,838,839,840,841,842,843,844,845,846,847,848,849,850,851,852,853,854,855,856,857,858,859,860,861,862,863,864,1092,1093,1094,1095,1096,1097,1098,1099,1100,1101,1102,1103,1104,1105,1106,1107,1108,1109,1110,1111,1112,1113,1114,1115,1116,1117,1118,1119,1120,1121,1122&#8243; posts_number=&#8221;200&#8243; show_pagination=&#8221;off&#8221; _builder_version=&#8221;4.27.6&#8243; _module_preset=&#8221;default&#8221; title_text_align=&#8221;center&#8221; box_shadow_style_image=&#8221;preset1&#8243; global_colors_info=&#8221;{}&#8221; hover_enabled=&#8221;0&#8243; sticky_enabled=&#8221;0&#8243; locked=&#8221;off&#8221;][\/et_pb_gallery][\/et_pb_column][\/et_pb_row][\/et_pb_section]<\/p>\n","protected":false},"excerpt":{"rendered":"<p>Dikey Perde, modern mekanlarda hem estetik hem de fonksiyonel \u00e7\u00f6z\u00fcmler sunan \u015f\u0131k bir perde sistemidir. Uzun dikey bantlar\u0131 sayesinde pencerelerde d\u00fczenli ve zarif bir g\u00f6r\u00fcn\u00fcm sa\u011flar, \u0131\u015f\u0131k kontrol\u00fcn\u00fc kolayla\u015ft\u0131r\u0131r. Ayarlanabilir mekanizmas\u0131yla perdeyi tamamen a\u00e7abilir, k\u0131smen kapatabilir veya \u0131\u015f\u0131k ge\u00e7irgenli\u011fini istedi\u011finiz seviyede tutabilirsiniz. Ofis, i\u015fyeri ve ev ortamlar\u0131 i\u00e7in ideal olan dikey perdeler, geni\u015f renk ve [&hellip;]<\/p>\n","protected":false},"author":1,"featured_media":0,"parent":0,"menu_order":0,"comment_status":"closed","ping_status":"closed","template":"","meta":{"_acf_changed":false,"_et_pb_use_builder":"on","_et_pb_old_content":"","_et_gb_content_width":"","_vp_format_video_url":"","_vp_image_focal_point":[],"footnotes":""},"difl_page_category":[],"class_list":["post-177","page","type-page","status-publish","hentry"],"acf":[],"_links":{"self":[{"href":"https:\/\/reyaperde.com\/fr\/wp-json\/wp\/v2\/pages\/177","targetHints":{"allow":["GET"]}}],"collection":[{"href":"https:\/\/reyaperde.com\/fr\/wp-json\/wp\/v2\/pages"}],"about":[{"href":"https:\/\/reyaperde.com\/fr\/wp-json\/wp\/v2\/types\/page"}],"author":[{"embeddable":true,"href":"https:\/\/reyaperde.com\/fr\/wp-json\/wp\/v2\/users\/1"}],"replies":[{"embeddable":true,"href":"https:\/\/reyaperde.com\/fr\/wp-json\/wp\/v2\/comments?post=177"}],"version-history":[{"count":6,"href":"https:\/\/reyaperde.com\/fr\/wp-json\/wp\/v2\/pages\/177\/revisions"}],"predecessor-version":[{"id":1125,"href":"https:\/\/reyaperde.com\/fr\/wp-json\/wp\/v2\/pages\/177\/revisions\/1125"}],"wp:attachment":[{"href":"https:\/\/reyaperde.com\/fr\/wp-json\/wp\/v2\/media?parent=177"}],"wp:term":[{"taxonomy":"difl_page_category","embeddable":true,"href":"https:\/\/reyaperde.com\/fr\/wp-json\/wp\/v2\/difl_page_category?post=177"}],"curies":[{"name":"wp","href":"https:\/\/api.w.org\/{rel}","templated":true}]}}