{"id":174,"date":"2025-12-19T05:20:01","date_gmt":"2025-12-19T02:20:01","guid":{"rendered":"https:\/\/reyaperde.com\/?page_id=174"},"modified":"2026-02-04T08:11:51","modified_gmt":"2026-02-04T05:11:51","slug":"ciftli-tul-stor-perde","status":"publish","type":"page","link":"https:\/\/reyaperde.com\/fr\/ciftli-tul-stor-perde\/","title":{"rendered":"Rideau \u00e0 double voile"},"content":{"rendered":"<p>[et_pb_section fb_built=&#8221;1&#8243; _builder_version=&#8221;4.27.5&#8243; _module_preset=&#8221;default&#8221; custom_margin=&#8221;0px|0px|0px|0px|true|true&#8221; custom_padding=&#8221;0px|0px|0px|0px|true|true&#8221; global_colors_info=&#8221;{}&#8221;][et_pb_row column_structure=&#8221;2_3,1_3&#8243; use_custom_gutter=&#8221;on&#8221; make_equal=&#8221;on&#8221; _builder_version=&#8221;4.27.5&#8243; _module_preset=&#8221;default&#8221; width=&#8221;100%&#8221; max_width=&#8221;100%&#8221; max_height=&#8221;51%&#8221; custom_padding=&#8221;1px||1px|||&#8221; global_colors_info=&#8221;{}&#8221;][et_pb_column type=&#8221;2_3&#8243; _builder_version=&#8221;4.27.5&#8243; _module_preset=&#8221;default&#8221; background_image=&#8221;https:\/\/reyaperde.com\/wp-content\/uploads\/2025\/12\/Ciftli-Stor.jpeg&#8221; custom_padding=&#8221;18vh||18vh||true|false&#8221; custom_padding_tablet=&#8221;11vh||11vh||true|false&#8221; custom_padding_phone=&#8221;11vh||11vh||true|false&#8221; custom_padding_last_edited=&#8221;on|desktop&#8221; global_colors_info=&#8221;{}&#8221;][et_pb_image src=&#8221;@ET-DC@eyJkeW5hbWljIjp0cnVlLCJjb250ZW50IjoicG9zdF9mZWF0dXJlZF9pbWFnZSIsInNldHRpbmdzIjp7fX0=@&#8221; _builder_version=&#8221;4.27.5&#8243; _dynamic_attributes=&#8221;src&#8221; _module_preset=&#8221;default&#8221; global_colors_info=&#8221;{}&#8221;][\/et_pb_image][\/et_pb_column][et_pb_column type=&#8221;1_3&#8243; _builder_version=&#8221;4.27.5&#8243; _module_preset=&#8221;default&#8221; custom_padding=&#8221;41px|15vh|||false|false&#8221; custom_padding_tablet=&#8221;0px|24px||24px|false|true&#8221; custom_padding_phone=&#8221;1px|10px||10px|false|true&#8221; custom_padding_last_edited=&#8221;on|desktop&#8221; global_colors_info=&#8221;{}&#8221;][et_pb_heading title=&#8221;@ET-DC@eyJkeW5hbWljIjp0cnVlLCJjb250ZW50IjoicG9zdF90aXRsZSIsInNldHRpbmdzIjp7ImJlZm9yZSI6IiIsImFmdGVyIjoiIn19@&#8221; _builder_version=&#8221;4.27.5&#8243; _dynamic_attributes=&#8221;title&#8221; _module_preset=&#8221;default&#8221; title_font=&#8221;||||||||&#8221; title_font_size=&#8221;70px&#8221; title_font_size_tablet=&#8221;70px&#8221; title_font_size_phone=&#8221;38px&#8221; title_font_size_last_edited=&#8221;on|phone&#8221; global_colors_info=&#8221;{}&#8221;][\/et_pb_heading][et_pb_text _builder_version=&#8221;4.27.5&#8243; _module_preset=&#8221;default&#8221; global_colors_info=&#8221;{}&#8221;]<\/p>\n<p class=\"p1\"><span class=\"s1\"><b>\u00c7iftli T\u00fcl Stor Perde<\/b><\/span>, t\u00fcl ve stor kuma\u015f\u0131n bir arada kullan\u0131ld\u0131\u011f\u0131, hem estetik hem de fonksiyonel bir perde sistemidir. \u0130ki ayr\u0131 katmandan olu\u015fan yap\u0131s\u0131 sayesinde g\u00fcn \u0131\u015f\u0131\u011f\u0131n\u0131 kontroll\u00fc \u015fekilde i\u00e7eri al\u0131rken, istenildi\u011finde tam mahremiyet sa\u011flar.<\/p>\n<p class=\"p2\">\n<p class=\"p1\">T\u00fcl katman, mek\u00e2na ferah ve ayd\u0131nl\u0131k bir atmosfer kazand\u0131r\u0131rken; stor katman \u0131\u015f\u0131k ge\u00e7irgenli\u011fini tamamen veya k\u0131smen engelleyerek kullan\u0131m kolayl\u0131\u011f\u0131 sunar. Tek mekanizma \u00fczerinde \u00e7al\u0131\u015fan bu sistem, pratik kullan\u0131m\u0131yla \u00f6ne \u00e7\u0131kar ve ya\u015fam alanlar\u0131nda d\u00fczenli, modern bir g\u00f6r\u00fcn\u00fcm olu\u015fturur.<\/p>\n<p class=\"p2\">\n<p class=\"p1\">Ev ve ofis kullan\u0131m\u0131na uygun olan <span class=\"s1\"><b>\u00c7iftli T\u00fcl Stor Perde<\/b><\/span>, farkl\u0131 renk, doku ve \u00f6l\u00e7\u00fc se\u00e7enekleriyle her dekorasyon stiline uyum sa\u011flar. \u015e\u0131kl\u0131k ve konforu bir arada sunan ideal bir perde \u00e7\u00f6z\u00fcm\u00fcd\u00fcr.<\/p>\n<p>[\/et_pb_text][et_pb_icon font_icon=&#8221;&#xf1c1;||fa||900&#8243; icon_width=&#8221;56px&#8221; url_new_window=&#8221;on&#8221; align=&#8221;right&#8221; _builder_version=&#8221;4.27.5&#8243; _module_preset=&#8221;default&#8221; hover_enabled=&#8221;0&#8243; global_colors_info=&#8221;{}&#8221; url=&#8221;https:\/\/reyaperde.com\/catalog\/Tul-Stor.pdf&#8221; sticky_enabled=&#8221;0&#8243;][\/et_pb_icon][\/et_pb_column][\/et_pb_row][\/et_pb_section][et_pb_section fb_built=&#8221;1&#8243; admin_label=&#8221;Work&#8221; module_id=&#8221;kategori&#8221; _builder_version=&#8221;4.27.5&#8243; background_image=&#8221;https:\/\/reyaperde.com\/wp-content\/uploads\/2025\/12\/art-gallery-55.jpg&#8221; background_size=&#8221;initial&#8221; background_repeat=&#8221;repeat&#8221; custom_padding=&#8221;47px|||||&#8221; global_colors_info=&#8221;{}&#8221;][et_pb_row _builder_version=&#8221;4.27.5&#8243; _module_preset=&#8221;default&#8221; global_colors_info=&#8221;{}&#8221;][et_pb_column type=&#8221;4_4&#8243; _builder_version=&#8221;4.27.5&#8243; _module_preset=&#8221;default&#8221; global_colors_info=&#8221;{}&#8221;][et_pb_gallery gallery_ids=&#8221;1013,1014,1015,1016,1017,1018,1019,1020,1021,1022,1023,1024,1025,1026,1027,1028,1029,1030,1031,1032,1033,1034,1035,1036,1037,1038,1039,1040,1041,1042,1043,1044,1045,1046,1047,1048,1049,1050,1051,1052,1053,1054,1055,1056,1057,1058,1059&#8243; posts_number=&#8221;200&#8243; show_pagination=&#8221;off&#8221; _builder_version=&#8221;4.27.5&#8243; _module_preset=&#8221;default&#8221; title_text_align=&#8221;center&#8221; box_shadow_style_image=&#8221;preset1&#8243; global_colors_info=&#8221;{}&#8221;][\/et_pb_gallery][\/et_pb_column][\/et_pb_row][\/et_pb_section]<\/p>\n","protected":false},"excerpt":{"rendered":"<p>\u00c7iftli T\u00fcl Stor Perde, t\u00fcl ve stor kuma\u015f\u0131n bir arada kullan\u0131ld\u0131\u011f\u0131, hem estetik hem de fonksiyonel bir perde sistemidir. \u0130ki ayr\u0131 katmandan olu\u015fan yap\u0131s\u0131 sayesinde g\u00fcn \u0131\u015f\u0131\u011f\u0131n\u0131 kontroll\u00fc \u015fekilde i\u00e7eri al\u0131rken, istenildi\u011finde tam mahremiyet sa\u011flar. T\u00fcl katman, mek\u00e2na ferah ve ayd\u0131nl\u0131k bir atmosfer kazand\u0131r\u0131rken; stor katman \u0131\u015f\u0131k ge\u00e7irgenli\u011fini tamamen veya k\u0131smen engelleyerek kullan\u0131m kolayl\u0131\u011f\u0131 sunar. [&hellip;]<\/p>\n","protected":false},"author":1,"featured_media":0,"parent":0,"menu_order":0,"comment_status":"closed","ping_status":"closed","template":"","meta":{"_acf_changed":false,"_et_pb_use_builder":"on","_et_pb_old_content":"","_et_gb_content_width":"","_vp_format_video_url":"","_vp_image_focal_point":[],"footnotes":""},"difl_page_category":[],"class_list":["post-174","page","type-page","status-publish","hentry"],"acf":[],"_links":{"self":[{"href":"https:\/\/reyaperde.com\/fr\/wp-json\/wp\/v2\/pages\/174","targetHints":{"allow":["GET"]}}],"collection":[{"href":"https:\/\/reyaperde.com\/fr\/wp-json\/wp\/v2\/pages"}],"about":[{"href":"https:\/\/reyaperde.com\/fr\/wp-json\/wp\/v2\/types\/page"}],"author":[{"embeddable":true,"href":"https:\/\/reyaperde.com\/fr\/wp-json\/wp\/v2\/users\/1"}],"replies":[{"embeddable":true,"href":"https:\/\/reyaperde.com\/fr\/wp-json\/wp\/v2\/comments?post=174"}],"version-history":[{"count":5,"href":"https:\/\/reyaperde.com\/fr\/wp-json\/wp\/v2\/pages\/174\/revisions"}],"predecessor-version":[{"id":1082,"href":"https:\/\/reyaperde.com\/fr\/wp-json\/wp\/v2\/pages\/174\/revisions\/1082"}],"wp:attachment":[{"href":"https:\/\/reyaperde.com\/fr\/wp-json\/wp\/v2\/media?parent=174"}],"wp:term":[{"taxonomy":"difl_page_category","embeddable":true,"href":"https:\/\/reyaperde.com\/fr\/wp-json\/wp\/v2\/difl_page_category?post=174"}],"curies":[{"name":"wp","href":"https:\/\/api.w.org\/{rel}","templated":true}]}}