{"id":176,"date":"2025-12-19T05:20:01","date_gmt":"2025-12-19T02:20:01","guid":{"rendered":"https:\/\/reyaperde.com\/?page_id=176"},"modified":"2026-04-08T14:16:19","modified_gmt":"2026-04-08T11:16:19","slug":"plise-perde","status":"publish","type":"page","link":"https:\/\/reyaperde.com\/en\/plise-perde\/","title":{"rendered":"Pleated Curtain"},"content":{"rendered":"<p>[et_pb_section fb_built=&#8221;1&#8243; _builder_version=&#8221;4.27.5&#8243; _module_preset=&#8221;default&#8221; custom_margin=&#8221;0px|0px|0px|0px|true|true&#8221; custom_padding=&#8221;0px|0px|0px|0px|true|true&#8221; global_colors_info=&#8221;{}&#8221;][et_pb_row column_structure=&#8221;2_3,1_3&#8243; use_custom_gutter=&#8221;on&#8221; make_equal=&#8221;on&#8221; _builder_version=&#8221;4.27.6&#8243; _module_preset=&#8221;default&#8221; width=&#8221;100%&#8221; max_width=&#8221;100%&#8221; max_height=&#8221;51%&#8221; custom_padding=&#8221;1px||1px|||&#8221; global_colors_info=&#8221;{}&#8221;][et_pb_column type=&#8221;2_3&#8243; _builder_version=&#8221;4.27.6&#8243; _module_preset=&#8221;default&#8221; background_image=&#8221;https:\/\/reyaperde.com\/wp-content\/uploads\/2026\/04\/Plise-2.jpg&#8221; custom_padding=&#8221;18vh||18vh||true|false&#8221; custom_padding_tablet=&#8221;11vh||11vh||true|false&#8221; custom_padding_phone=&#8221;11vh||11vh||true|false&#8221; custom_padding_last_edited=&#8221;on|desktop&#8221; global_colors_info=&#8221;{}&#8221;][et_pb_image src=&#8221;@ET-DC@eyJkeW5hbWljIjp0cnVlLCJjb250ZW50IjoicG9zdF9mZWF0dXJlZF9pbWFnZSIsInNldHRpbmdzIjp7fX0=@&#8221; _builder_version=&#8221;4.27.5&#8243; _dynamic_attributes=&#8221;src&#8221; _module_preset=&#8221;default&#8221; global_colors_info=&#8221;{}&#8221;][\/et_pb_image][\/et_pb_column][et_pb_column type=&#8221;1_3&#8243; _builder_version=&#8221;4.27.5&#8243; _module_preset=&#8221;default&#8221; custom_padding=&#8221;41px|15vh|||false|false&#8221; custom_padding_tablet=&#8221;0px|24px||24px|false|true&#8221; custom_padding_phone=&#8221;1px|10px||10px|false|true&#8221; custom_padding_last_edited=&#8221;on|desktop&#8221; global_colors_info=&#8221;{}&#8221;][et_pb_heading title=&#8221;@ET-DC@eyJkeW5hbWljIjp0cnVlLCJjb250ZW50IjoicG9zdF90aXRsZSIsInNldHRpbmdzIjp7ImJlZm9yZSI6IiIsImFmdGVyIjoiIn19@&#8221; _builder_version=&#8221;4.27.5&#8243; _dynamic_attributes=&#8221;title&#8221; _module_preset=&#8221;default&#8221; title_font=&#8221;||||||||&#8221; title_font_size=&#8221;70px&#8221; title_font_size_tablet=&#8221;70px&#8221; title_font_size_phone=&#8221;38px&#8221; title_font_size_last_edited=&#8221;on|phone&#8221; global_colors_info=&#8221;{}&#8221;][\/et_pb_heading][et_pb_text _builder_version=&#8221;4.27.5&#8243; _module_preset=&#8221;default&#8221; global_colors_info=&#8221;{}&#8221;]<\/p>\n<p class=\"p1\"><span class=\"s1\"><b>Plise Perde<\/b><\/span>, katlanabilir (akordeon) yap\u0131s\u0131 sayesinde minimal alanlarda maksimum kullan\u0131m avantaj\u0131 sunan modern bir perde sistemidir. \u00d6zellikle dar ve \u00f6zel \u00f6l\u00e7\u00fcl\u00fc pencereler i\u00e7in ideal olan plise perdeler, estetik tasar\u0131m\u0131yla ya\u015fam alanlar\u0131na \u015f\u0131kl\u0131k katar.<\/p>\n<p class=\"p2\">\n<p class=\"p1\">Is\u0131 ve \u0131\u015f\u0131k kontrol\u00fcn\u00fc etkili \u015fekilde sa\u011flayan yap\u0131s\u0131, yukar\u0131dan a\u015fa\u011f\u0131ya veya a\u015fa\u011f\u0131dan yukar\u0131ya hareket edebilme \u00f6zelli\u011fi sayesinde kullan\u0131m esnekli\u011fi sunar. Cam balkon, k\u0131\u015f bah\u00e7esi, \u00e7at\u0131 pencereleri ve ofis alanlar\u0131nda s\u0131kl\u0131kla tercih edilir.<\/p>\n<p class=\"p2\">\n<p class=\"p1\">Dayan\u0131kl\u0131 kuma\u015f yap\u0131s\u0131, uzun \u00f6m\u00fcrl\u00fc mekanizmas\u0131 ve geni\u015f renk se\u00e7enekleriyle <span class=\"s1\"><b>Plise Perde<\/b><\/span>, fonksiyonellik ve esteti\u011fi bir arada arayanlar i\u00e7in ideal bir perde \u00e7\u00f6z\u00fcm\u00fcd\u00fcr.<\/p>\n<p>[\/et_pb_text][et_pb_icon font_icon=&#8221;&#xf1c1;||fa||900&#8243; icon_width=&#8221;56px&#8221; url=&#8221;https:\/\/reyaperde.com\/catalog\/Pilise-Perde.pdf&#8221; url_new_window=&#8221;on&#8221; align=&#8221;right&#8221; _builder_version=&#8221;4.27.6&#8243; _module_preset=&#8221;default&#8221; hover_enabled=&#8221;0&#8243; global_colors_info=&#8221;{}&#8221; sticky_enabled=&#8221;0&#8243;][\/et_pb_icon][\/et_pb_column][\/et_pb_row][\/et_pb_section][et_pb_section fb_built=&#8221;1&#8243; admin_label=&#8221;Work&#8221; module_id=&#8221;kategori&#8221; _builder_version=&#8221;4.27.5&#8243; background_image=&#8221;https:\/\/reyaperde.com\/wp-content\/uploads\/2025\/12\/art-gallery-55.jpg&#8221; background_size=&#8221;initial&#8221; background_repeat=&#8221;repeat&#8221; custom_padding=&#8221;47px|||||&#8221; global_colors_info=&#8221;{}&#8221;][et_pb_row _builder_version=&#8221;4.27.5&#8243; _module_preset=&#8221;default&#8221; global_colors_info=&#8221;{}&#8221;][et_pb_column type=&#8221;4_4&#8243; _builder_version=&#8221;4.27.5&#8243; _module_preset=&#8221;default&#8221; global_colors_info=&#8221;{}&#8221;][et_pb_gallery gallery_ids=&#8221;1147,1145,1146,700,701,702,703,704,705,706,707,708,709,710,711&#8243; posts_number=&#8221;200&#8243; show_pagination=&#8221;off&#8221; _builder_version=&#8221;4.27.6&#8243; _module_preset=&#8221;default&#8221; title_text_align=&#8221;center&#8221; hover_enabled=&#8221;0&#8243; box_shadow_style_image=&#8221;preset1&#8243; global_colors_info=&#8221;{}&#8221; sticky_enabled=&#8221;0&#8243;][\/et_pb_gallery][\/et_pb_column][\/et_pb_row][\/et_pb_section]<\/p>\n","protected":false},"excerpt":{"rendered":"<p>Plise Perde, katlanabilir (akordeon) yap\u0131s\u0131 sayesinde minimal alanlarda maksimum kullan\u0131m avantaj\u0131 sunan modern bir perde sistemidir. \u00d6zellikle dar ve \u00f6zel \u00f6l\u00e7\u00fcl\u00fc pencereler i\u00e7in ideal olan plise perdeler, estetik tasar\u0131m\u0131yla ya\u015fam alanlar\u0131na \u015f\u0131kl\u0131k katar. Is\u0131 ve \u0131\u015f\u0131k kontrol\u00fcn\u00fc etkili \u015fekilde sa\u011flayan yap\u0131s\u0131, yukar\u0131dan a\u015fa\u011f\u0131ya veya a\u015fa\u011f\u0131dan yukar\u0131ya hareket edebilme \u00f6zelli\u011fi sayesinde kullan\u0131m esnekli\u011fi sunar. Cam balkon, [&hellip;]<\/p>\n","protected":false},"author":1,"featured_media":0,"parent":0,"menu_order":0,"comment_status":"closed","ping_status":"closed","template":"","meta":{"_acf_changed":false,"_et_pb_use_builder":"on","_et_pb_old_content":"","_et_gb_content_width":"","_vp_format_video_url":"","_vp_image_focal_point":[],"footnotes":""},"difl_page_category":[],"class_list":["post-176","page","type-page","status-publish","hentry"],"acf":[],"_links":{"self":[{"href":"https:\/\/reyaperde.com\/en\/wp-json\/wp\/v2\/pages\/176","targetHints":{"allow":["GET"]}}],"collection":[{"href":"https:\/\/reyaperde.com\/en\/wp-json\/wp\/v2\/pages"}],"about":[{"href":"https:\/\/reyaperde.com\/en\/wp-json\/wp\/v2\/types\/page"}],"author":[{"embeddable":true,"href":"https:\/\/reyaperde.com\/en\/wp-json\/wp\/v2\/users\/1"}],"replies":[{"embeddable":true,"href":"https:\/\/reyaperde.com\/en\/wp-json\/wp\/v2\/comments?post=176"}],"version-history":[{"count":10,"href":"https:\/\/reyaperde.com\/en\/wp-json\/wp\/v2\/pages\/176\/revisions"}],"predecessor-version":[{"id":1150,"href":"https:\/\/reyaperde.com\/en\/wp-json\/wp\/v2\/pages\/176\/revisions\/1150"}],"wp:attachment":[{"href":"https:\/\/reyaperde.com\/en\/wp-json\/wp\/v2\/media?parent=176"}],"wp:term":[{"taxonomy":"difl_page_category","embeddable":true,"href":"https:\/\/reyaperde.com\/en\/wp-json\/wp\/v2\/difl_page_category?post=176"}],"curies":[{"name":"wp","href":"https:\/\/api.w.org\/{rel}","templated":true}]}}