{"id":45,"date":"2025-11-28T17:24:25","date_gmt":"2025-11-28T14:24:25","guid":{"rendered":"http:\/\/reyaperde.com\/?page_id=45"},"modified":"2026-02-04T08:15:31","modified_gmt":"2026-02-04T05:15:31","slug":"kumas-jaluzi-perde-2","status":"publish","type":"page","link":"https:\/\/reyaperde.com\/de\/kumas-jaluzi-perde-2\/","title":{"rendered":"Stoff Jalousie Vorhang"},"content":{"rendered":"<p>[et_pb_section fb_built=&#8221;1&#8243; _builder_version=&#8221;4.27.5&#8243; _module_preset=&#8221;default&#8221; custom_margin=&#8221;0px|0px|0px|0px|true|true&#8221; custom_padding=&#8221;0px|0px|0px|0px|true|true&#8221; global_colors_info=&#8221;{}&#8221;][et_pb_row column_structure=&#8221;2_3,1_3&#8243; use_custom_gutter=&#8221;on&#8221; make_equal=&#8221;on&#8221; _builder_version=&#8221;4.27.5&#8243; _module_preset=&#8221;default&#8221; width=&#8221;100%&#8221; max_width=&#8221;100%&#8221; max_height=&#8221;51%&#8221; custom_padding=&#8221;1px||1px|||&#8221; global_colors_info=&#8221;{}&#8221;][et_pb_column type=&#8221;2_3&#8243; _builder_version=&#8221;4.27.5&#8243; _module_preset=&#8221;default&#8221; background_image=&#8221;https:\/\/reyaperde.com\/wp-content\/uploads\/2025\/12\/Kumas-Jaluzi-Perde.jpeg&#8221; custom_padding=&#8221;18vh||18vh||true|false&#8221; custom_padding_tablet=&#8221;11vh||11vh||true|false&#8221; custom_padding_phone=&#8221;11vh||11vh||true|false&#8221; custom_padding_last_edited=&#8221;on|desktop&#8221; global_colors_info=&#8221;{}&#8221;][et_pb_image src=&#8221;@ET-DC@eyJkeW5hbWljIjp0cnVlLCJjb250ZW50IjoicG9zdF9mZWF0dXJlZF9pbWFnZSIsInNldHRpbmdzIjp7fX0=@&#8221; _builder_version=&#8221;4.27.5&#8243; _dynamic_attributes=&#8221;src&#8221; _module_preset=&#8221;default&#8221; global_colors_info=&#8221;{}&#8221;][\/et_pb_image][\/et_pb_column][et_pb_column type=&#8221;1_3&#8243; _builder_version=&#8221;4.27.5&#8243; _module_preset=&#8221;default&#8221; custom_padding=&#8221;41px|15vh|||false|false&#8221; custom_padding_tablet=&#8221;0px|24px||24px|false|true&#8221; custom_padding_phone=&#8221;1px|10px||10px|false|true&#8221; custom_padding_last_edited=&#8221;on|desktop&#8221; global_colors_info=&#8221;{}&#8221;][et_pb_heading title=&#8221;@ET-DC@eyJkeW5hbWljIjp0cnVlLCJjb250ZW50IjoicG9zdF90aXRsZSIsInNldHRpbmdzIjp7ImJlZm9yZSI6IiIsImFmdGVyIjoiIn19@&#8221; _builder_version=&#8221;4.27.5&#8243; _dynamic_attributes=&#8221;title&#8221; _module_preset=&#8221;default&#8221; title_font=&#8221;||||||||&#8221; title_font_size=&#8221;70px&#8221; title_font_size_tablet=&#8221;70px&#8221; title_font_size_phone=&#8221;38px&#8221; title_font_size_last_edited=&#8221;on|phone&#8221; global_colors_info=&#8221;{}&#8221;][\/et_pb_heading][et_pb_text _builder_version=&#8221;4.27.5&#8243; _module_preset=&#8221;default&#8221; global_colors_info=&#8221;{}&#8221;]<\/p>\n<p class=\"p1\">Kuma\u015f Jalusi Perde, klasik jalusi sisteminin fonksiyonelli\u011fini kuma\u015f dokusunun yumu\u015fak ve zarif g\u00f6r\u00fcn\u00fcm\u00fcyle birle\u015ftirerek ya\u015fam alanlar\u0131na modern bir \u015f\u0131kl\u0131k kazand\u0131r\u0131r. Dikey kuma\u015f panellerden olu\u015fan yap\u0131s\u0131 sayesinde \u0131\u015f\u0131k kontrol\u00fcn\u00fc hassas bir \u015fekilde sa\u011flar ve mek\u00e2n\u0131n ambiyans\u0131n\u0131 g\u00fcn \u0131\u015f\u0131\u011f\u0131na g\u00f6re kolayca ayarlaman\u0131za imk\u00e2n tan\u0131r.<\/p>\n<p class=\"p2\">\n<p class=\"p1\">\u00d6zel dokuma kuma\u015f\u0131, do\u011fal \u0131\u015f\u0131\u011f\u0131 dengeli bi\u00e7imde i\u00e7eri al\u0131rken mahremiyeti korur. Dikey paneller, pencere boyunca e\u015fit aral\u0131klarla konumlanarak d\u00fczenli ve estetik bir g\u00f6r\u00fcn\u00fcm sunar. Mekanizmal\u0131 ray sistemi sayesinde perde sessiz, ak\u0131c\u0131 ve uzun \u00f6m\u00fcrl\u00fc bir kullan\u0131m deneyimi sa\u011flar.<\/p>\n<p class=\"p2\">\n<p class=\"p1\">Modern, minimalist ve ferah mek\u00e2nlar i\u00e7in ideal olan Kuma\u015f Jalusi Perde; salon, ofis, otel ve ticari alanlarda hem dekoratif hem de fonksiyonel bir \u00e7\u00f6z\u00fcm sunar. Geni\u015f renk ve doku se\u00e7enekleriyle farkl\u0131 i\u00e7 mek\u00e2n stillerine kolayca uyum sa\u011flar.<\/p>\n<p>[\/et_pb_text][et_pb_icon font_icon=&#8221;&#xf1c1;||fa||900&#8243; icon_width=&#8221;56px&#8221; url_new_window=&#8221;on&#8221; align=&#8221;right&#8221; _builder_version=&#8221;4.27.5&#8243; _module_preset=&#8221;default&#8221; hover_enabled=&#8221;0&#8243; global_colors_info=&#8221;{}&#8221; url=&#8221;https:\/\/reyaperde.com\/catalog\/Kumas-Jaluzi.pdf&#8221; sticky_enabled=&#8221;0&#8243;][\/et_pb_icon][\/et_pb_column][\/et_pb_row][\/et_pb_section][et_pb_section fb_built=&#8221;1&#8243; admin_label=&#8221;Work&#8221; module_id=&#8221;kategori&#8221; _builder_version=&#8221;4.27.5&#8243; background_image=&#8221;https:\/\/reyaperde.com\/wp-content\/uploads\/2025\/12\/art-gallery-55.jpg&#8221; background_size=&#8221;initial&#8221; background_repeat=&#8221;repeat&#8221; custom_padding=&#8221;47px|||||&#8221; global_colors_info=&#8221;{}&#8221;][et_pb_row _builder_version=&#8221;4.27.5&#8243; _module_preset=&#8221;default&#8221; global_colors_info=&#8221;{}&#8221;][et_pb_column type=&#8221;4_4&#8243; _builder_version=&#8221;4.27.5&#8243; _module_preset=&#8221;default&#8221; global_colors_info=&#8221;{}&#8221;][et_pb_gallery gallery_ids=&#8221;918,919,920,921,922,923,924,1069,1070,1071,1072,1073,1074,1075&#8243; posts_number=&#8221;200&#8243; show_pagination=&#8221;off&#8221; _builder_version=&#8221;4.27.5&#8243; _module_preset=&#8221;default&#8221; title_text_align=&#8221;center&#8221; box_shadow_style_image=&#8221;preset1&#8243; global_colors_info=&#8221;{}&#8221;][\/et_pb_gallery][\/et_pb_column][\/et_pb_row][\/et_pb_section]<\/p>\n","protected":false},"excerpt":{"rendered":"<p>Kuma\u015f Jalusi Perde, klasik jalusi sisteminin fonksiyonelli\u011fini kuma\u015f dokusunun yumu\u015fak ve zarif g\u00f6r\u00fcn\u00fcm\u00fcyle birle\u015ftirerek ya\u015fam alanlar\u0131na modern bir \u015f\u0131kl\u0131k kazand\u0131r\u0131r. Dikey kuma\u015f panellerden olu\u015fan yap\u0131s\u0131 sayesinde \u0131\u015f\u0131k kontrol\u00fcn\u00fc hassas bir \u015fekilde sa\u011flar ve mek\u00e2n\u0131n ambiyans\u0131n\u0131 g\u00fcn \u0131\u015f\u0131\u011f\u0131na g\u00f6re kolayca ayarlaman\u0131za imk\u00e2n tan\u0131r. \u00d6zel dokuma kuma\u015f\u0131, do\u011fal \u0131\u015f\u0131\u011f\u0131 dengeli bi\u00e7imde i\u00e7eri al\u0131rken mahremiyeti korur. Dikey paneller, [&hellip;]<\/p>\n","protected":false},"author":1,"featured_media":0,"parent":0,"menu_order":0,"comment_status":"closed","ping_status":"closed","template":"","meta":{"_acf_changed":false,"_et_pb_use_builder":"on","_et_pb_old_content":"","_et_gb_content_width":"","_vp_format_video_url":"","_vp_image_focal_point":[],"footnotes":""},"difl_page_category":[],"class_list":["post-45","page","type-page","status-publish","hentry"],"acf":[],"_links":{"self":[{"href":"https:\/\/reyaperde.com\/de\/wp-json\/wp\/v2\/pages\/45","targetHints":{"allow":["GET"]}}],"collection":[{"href":"https:\/\/reyaperde.com\/de\/wp-json\/wp\/v2\/pages"}],"about":[{"href":"https:\/\/reyaperde.com\/de\/wp-json\/wp\/v2\/types\/page"}],"author":[{"embeddable":true,"href":"https:\/\/reyaperde.com\/de\/wp-json\/wp\/v2\/users\/1"}],"replies":[{"embeddable":true,"href":"https:\/\/reyaperde.com\/de\/wp-json\/wp\/v2\/comments?post=45"}],"version-history":[{"count":9,"href":"https:\/\/reyaperde.com\/de\/wp-json\/wp\/v2\/pages\/45\/revisions"}],"predecessor-version":[{"id":1089,"href":"https:\/\/reyaperde.com\/de\/wp-json\/wp\/v2\/pages\/45\/revisions\/1089"}],"wp:attachment":[{"href":"https:\/\/reyaperde.com\/de\/wp-json\/wp\/v2\/media?parent=45"}],"wp:term":[{"taxonomy":"difl_page_category","embeddable":true,"href":"https:\/\/reyaperde.com\/de\/wp-json\/wp\/v2\/difl_page_category?post=45"}],"curies":[{"name":"wp","href":"https:\/\/api.w.org\/{rel}","templated":true}]}}