{"id":181,"date":"2025-12-19T05:20:01","date_gmt":"2025-12-19T02:20:01","guid":{"rendered":"https:\/\/reyaperde.com\/?page_id=181"},"modified":"2026-02-04T08:13:40","modified_gmt":"2026-02-04T05:13:40","slug":"tul-dikey-perde","status":"publish","type":"page","link":"https:\/\/reyaperde.com\/de\/tul-dikey-perde\/","title":{"rendered":"Vertikale Vorh\u00e4nge aus T\u00fcll"},"content":{"rendered":"<p>[et_pb_section fb_built=&#8221;1&#8243; _builder_version=&#8221;4.27.5&#8243; _module_preset=&#8221;default&#8221; custom_margin=&#8221;0px|0px|0px|0px|true|true&#8221; custom_padding=&#8221;0px|0px|0px|0px|true|true&#8221; global_colors_info=&#8221;{}&#8221;][et_pb_row column_structure=&#8221;2_3,1_3&#8243; use_custom_gutter=&#8221;on&#8221; make_equal=&#8221;on&#8221; _builder_version=&#8221;4.27.5&#8243; _module_preset=&#8221;default&#8221; width=&#8221;100%&#8221; max_width=&#8221;100%&#8221; max_height=&#8221;51%&#8221; custom_padding=&#8221;1px||1px|||&#8221; global_colors_info=&#8221;{}&#8221;][et_pb_column type=&#8221;2_3&#8243; _builder_version=&#8221;4.27.5&#8243; _module_preset=&#8221;default&#8221; background_image=&#8221;https:\/\/reyaperde.com\/wp-content\/uploads\/2025\/12\/Dikey-Tul-1.jpeg&#8221; custom_padding=&#8221;18vh||18vh||true|false&#8221; custom_padding_tablet=&#8221;11vh||11vh||true|false&#8221; custom_padding_phone=&#8221;11vh||11vh||true|false&#8221; custom_padding_last_edited=&#8221;on|desktop&#8221; global_colors_info=&#8221;{}&#8221;][et_pb_image src=&#8221;@ET-DC@eyJkeW5hbWljIjp0cnVlLCJjb250ZW50IjoicG9zdF9mZWF0dXJlZF9pbWFnZSIsInNldHRpbmdzIjp7fX0=@&#8221; _builder_version=&#8221;4.27.5&#8243; _dynamic_attributes=&#8221;src&#8221; _module_preset=&#8221;default&#8221; global_colors_info=&#8221;{}&#8221;][\/et_pb_image][\/et_pb_column][et_pb_column type=&#8221;1_3&#8243; _builder_version=&#8221;4.27.5&#8243; _module_preset=&#8221;default&#8221; custom_padding=&#8221;41px|15vh|||false|false&#8221; custom_padding_tablet=&#8221;0px|24px||24px|false|true&#8221; custom_padding_phone=&#8221;1px|10px||10px|false|true&#8221; custom_padding_last_edited=&#8221;on|desktop&#8221; global_colors_info=&#8221;{}&#8221;][et_pb_heading title=&#8221;@ET-DC@eyJkeW5hbWljIjp0cnVlLCJjb250ZW50IjoicG9zdF90aXRsZSIsInNldHRpbmdzIjp7ImJlZm9yZSI6IiIsImFmdGVyIjoiIn19@&#8221; _builder_version=&#8221;4.27.5&#8243; _dynamic_attributes=&#8221;title&#8221; _module_preset=&#8221;default&#8221; title_font=&#8221;||||||||&#8221; title_font_size=&#8221;70px&#8221; title_font_size_tablet=&#8221;70px&#8221; title_font_size_phone=&#8221;38px&#8221; title_font_size_last_edited=&#8221;on|phone&#8221; global_colors_info=&#8221;{}&#8221;][\/et_pb_heading][et_pb_text _builder_version=&#8221;4.27.5&#8243; _module_preset=&#8221;default&#8221; global_colors_info=&#8221;{}&#8221;]<\/p>\n<p class=\"p1\"><span class=\"s1\"><b>T\u00fcl Dikey Perde<\/b><\/span>, modern ya\u015fam alanlar\u0131na zarif ve fonksiyonel bir dokunu\u015f katan perde sistemidir. Dikey bant yap\u0131s\u0131, pencerelerde d\u00fczenli ve estetik bir g\u00f6r\u00fcn\u00fcm sa\u011flarken, t\u00fcl kuma\u015f\u0131 sayesinde do\u011fal \u0131\u015f\u0131\u011f\u0131n mek\u00e2na dengeli bir \u015fekilde yay\u0131lmas\u0131n\u0131 m\u00fcmk\u00fcn k\u0131lar.<\/p>\n<p class=\"p2\">\n<p class=\"p1\">Ayarlanabilir mekanizmas\u0131 ile \u0131\u015f\u0131k ge\u00e7irgenli\u011fini istedi\u011finiz seviyede kontrol edebilir, mahremiyet ihtiyac\u0131n\u0131z\u0131 kolayca kar\u015f\u0131layabilirsiniz. Ev ve ofis kullan\u0131m\u0131 i\u00e7in uygun olan <span class=\"s1\"><b>T\u00fcl Dikey Perdeler<\/b><\/span>, farkl\u0131 renk ve \u00f6l\u00e7\u00fc se\u00e7enekleriyle her dekorasyon tarz\u0131na uyum sa\u011flar.<\/p>\n<p class=\"p2\">\n<p class=\"p1\">Dayan\u0131kl\u0131 kuma\u015f\u0131 ve uzun \u00f6m\u00fcrl\u00fc mekanizmas\u0131 ile <span class=\"s1\"><b>T\u00fcl Dikey Perde<\/b><\/span>, \u015f\u0131kl\u0131\u011f\u0131 ve fonksiyonelli\u011fi bir arada arayanlar i\u00e7in ideal bir perde \u00e7\u00f6z\u00fcm\u00fcd\u00fcr.<\/p>\n<p>[\/et_pb_text][et_pb_icon font_icon=&#8221;&#xf1c1;||fa||900&#8243; icon_width=&#8221;56px&#8221; url_new_window=&#8221;on&#8221; align=&#8221;right&#8221; _builder_version=&#8221;4.27.5&#8243; _module_preset=&#8221;default&#8221; hover_enabled=&#8221;0&#8243; global_colors_info=&#8221;{}&#8221; url=&#8221;https:\/\/reyaperde.com\/catalog\/Tul-Dikey-Perde.pdf&#8221; sticky_enabled=&#8221;0&#8243;][\/et_pb_icon][\/et_pb_column][\/et_pb_row][\/et_pb_section][et_pb_section fb_built=&#8221;1&#8243; admin_label=&#8221;Work&#8221; module_id=&#8221;kategori&#8221; _builder_version=&#8221;4.27.5&#8243; background_image=&#8221;https:\/\/reyaperde.com\/wp-content\/uploads\/2025\/12\/art-gallery-55.jpg&#8221; background_size=&#8221;initial&#8221; background_repeat=&#8221;repeat&#8221; custom_padding=&#8221;47px|||||&#8221; global_colors_info=&#8221;{}&#8221;][et_pb_row _builder_version=&#8221;4.27.5&#8243; _module_preset=&#8221;default&#8221; global_colors_info=&#8221;{}&#8221;][et_pb_column type=&#8221;4_4&#8243; _builder_version=&#8221;4.27.5&#8243; _module_preset=&#8221;default&#8221; global_colors_info=&#8221;{}&#8221;][et_pb_text _builder_version=&#8221;4.27.5&#8243; _module_preset=&#8221;default&#8221; text_text_color=&#8221;#FFFFFF&#8221; background_color=&#8221;#4f4f4f&#8221; text_orientation=&#8221;center&#8221; custom_padding=&#8221;9px||||false|false&#8221; custom_padding_tablet=&#8221;9px||||false|false&#8221; custom_padding_phone=&#8221;9px||||false|false&#8221; custom_padding_last_edited=&#8221;on|phone&#8221; global_colors_info=&#8221;{}&#8221;]<\/p>\n<h3><span style=\"color: #ffffff;\">DT SER\u0130S\u0130<\/span><\/h3>\n<p>[\/et_pb_text][et_pb_gallery gallery_ids=&#8221;873,874,875,876,877,878,879,880,881,882,883,884,885,886,887,888,889,890,891,892,893,894,895,896,897,898,899,900,901,902,903,904,905,906,907,908,909,910,911,912&#8243; posts_number=&#8221;200&#8243; show_pagination=&#8221;off&#8221; _builder_version=&#8221;4.27.5&#8243; _module_preset=&#8221;default&#8221; title_text_align=&#8221;center&#8221; box_shadow_style_image=&#8221;preset1&#8243; global_colors_info=&#8221;{}&#8221;][\/et_pb_gallery][et_pb_text _builder_version=&#8221;4.27.5&#8243; _module_preset=&#8221;default&#8221; text_text_color=&#8221;#FFFFFF&#8221; background_color=&#8221;#4f4f4f&#8221; text_orientation=&#8221;center&#8221; custom_padding=&#8221;9px||||false|false&#8221; custom_padding_tablet=&#8221;9px||||false|false&#8221; custom_padding_phone=&#8221;9px||||false|false&#8221; custom_padding_last_edited=&#8221;on|phone&#8221; global_colors_info=&#8221;{}&#8221;]<\/p>\n<h3><span style=\"color: #ffffff;\">BR SER\u0130S\u0130<\/span><\/h3>\n<p>[\/et_pb_text][et_pb_gallery gallery_ids=&#8221;714,717,715,716,719,718,722,721,720,724,723,727,726,725,729,728,731,732,730,734,733,737,735,736,740,739,738,743,742,741,745,744&#8243; posts_number=&#8221;200&#8243; show_pagination=&#8221;off&#8221; _builder_version=&#8221;4.27.5&#8243; _module_preset=&#8221;default&#8221; title_text_align=&#8221;center&#8221; box_shadow_style_image=&#8221;preset1&#8243; global_colors_info=&#8221;{}&#8221;][\/et_pb_gallery][et_pb_text _builder_version=&#8221;4.27.5&#8243; _module_preset=&#8221;default&#8221; text_text_color=&#8221;#FFFFFF&#8221; background_color=&#8221;#4f4f4f&#8221; text_orientation=&#8221;center&#8221; custom_padding=&#8221;9px||||false|false&#8221; custom_padding_tablet=&#8221;9px||||false|false&#8221; custom_padding_phone=&#8221;9px||||false|false&#8221; custom_padding_last_edited=&#8221;on|phone&#8221; global_colors_info=&#8221;{}&#8221;]<\/p>\n<h3><span style=\"color: #ffffff;\">DF SER\u0130S\u0130<\/span><\/h3>\n<p>[\/et_pb_text][et_pb_gallery gallery_ids=&#8221;746,749,748,747,751,750,754,753,752,757,756,755,759,758&#8243; posts_number=&#8221;200&#8243; show_pagination=&#8221;off&#8221; _builder_version=&#8221;4.27.5&#8243; _module_preset=&#8221;default&#8221; title_text_align=&#8221;center&#8221; box_shadow_style_image=&#8221;preset1&#8243; global_colors_info=&#8221;{}&#8221;][\/et_pb_gallery][\/et_pb_column][\/et_pb_row][\/et_pb_section]<\/p>\n","protected":false},"excerpt":{"rendered":"<p>T\u00fcl Dikey Perde, modern ya\u015fam alanlar\u0131na zarif ve fonksiyonel bir dokunu\u015f katan perde sistemidir. Dikey bant yap\u0131s\u0131, pencerelerde d\u00fczenli ve estetik bir g\u00f6r\u00fcn\u00fcm sa\u011flarken, t\u00fcl kuma\u015f\u0131 sayesinde do\u011fal \u0131\u015f\u0131\u011f\u0131n mek\u00e2na dengeli bir \u015fekilde yay\u0131lmas\u0131n\u0131 m\u00fcmk\u00fcn k\u0131lar. Ayarlanabilir mekanizmas\u0131 ile \u0131\u015f\u0131k ge\u00e7irgenli\u011fini istedi\u011finiz seviyede kontrol edebilir, mahremiyet ihtiyac\u0131n\u0131z\u0131 kolayca kar\u015f\u0131layabilirsiniz. Ev ve ofis kullan\u0131m\u0131 i\u00e7in uygun [&hellip;]<\/p>\n","protected":false},"author":1,"featured_media":0,"parent":0,"menu_order":0,"comment_status":"closed","ping_status":"closed","template":"","meta":{"_acf_changed":false,"_et_pb_use_builder":"on","_et_pb_old_content":"","_et_gb_content_width":"","_vp_format_video_url":"","_vp_image_focal_point":[],"footnotes":""},"difl_page_category":[],"class_list":["post-181","page","type-page","status-publish","hentry"],"acf":[],"_links":{"self":[{"href":"https:\/\/reyaperde.com\/de\/wp-json\/wp\/v2\/pages\/181","targetHints":{"allow":["GET"]}}],"collection":[{"href":"https:\/\/reyaperde.com\/de\/wp-json\/wp\/v2\/pages"}],"about":[{"href":"https:\/\/reyaperde.com\/de\/wp-json\/wp\/v2\/types\/page"}],"author":[{"embeddable":true,"href":"https:\/\/reyaperde.com\/de\/wp-json\/wp\/v2\/users\/1"}],"replies":[{"embeddable":true,"href":"https:\/\/reyaperde.com\/de\/wp-json\/wp\/v2\/comments?post=181"}],"version-history":[{"count":10,"href":"https:\/\/reyaperde.com\/de\/wp-json\/wp\/v2\/pages\/181\/revisions"}],"predecessor-version":[{"id":1085,"href":"https:\/\/reyaperde.com\/de\/wp-json\/wp\/v2\/pages\/181\/revisions\/1085"}],"wp:attachment":[{"href":"https:\/\/reyaperde.com\/de\/wp-json\/wp\/v2\/media?parent=181"}],"wp:term":[{"taxonomy":"difl_page_category","embeddable":true,"href":"https:\/\/reyaperde.com\/de\/wp-json\/wp\/v2\/difl_page_category?post=181"}],"curies":[{"name":"wp","href":"https:\/\/api.w.org\/{rel}","templated":true}]}}