{"id":180,"date":"2025-12-19T05:20:01","date_gmt":"2025-12-19T02:20:01","guid":{"rendered":"https:\/\/reyaperde.com\/?page_id=180"},"modified":"2026-02-04T08:14:08","modified_gmt":"2026-02-04T05:14:08","slug":"lazer-kesim-perde","status":"publish","type":"page","link":"https:\/\/reyaperde.com\/de\/lazer-kesim-perde\/","title":{"rendered":"Lasergeschnittener Vorhang"},"content":{"rendered":"<p>[et_pb_section fb_built=&#8221;1&#8243; _builder_version=&#8221;4.27.5&#8243; _module_preset=&#8221;default&#8221; custom_margin=&#8221;0px|0px|0px|0px|true|true&#8221; custom_padding=&#8221;0px|0px|0px|0px|true|true&#8221; global_colors_info=&#8221;{}&#8221;][et_pb_row column_structure=&#8221;2_3,1_3&#8243; use_custom_gutter=&#8221;on&#8221; make_equal=&#8221;on&#8221; _builder_version=&#8221;4.27.5&#8243; _module_preset=&#8221;default&#8221; width=&#8221;100%&#8221; max_width=&#8221;100%&#8221; max_height=&#8221;51%&#8221; custom_padding=&#8221;1px||1px|||&#8221; global_colors_info=&#8221;{}&#8221;][et_pb_column type=&#8221;2_3&#8243; _builder_version=&#8221;4.27.5&#8243; _module_preset=&#8221;default&#8221; background_image=&#8221;https:\/\/reyaperde.com\/wp-content\/uploads\/2025\/12\/Lazer-Kesim-1.jpeg&#8221; custom_padding=&#8221;18vh||18vh||true|false&#8221; custom_padding_tablet=&#8221;11vh||11vh||true|false&#8221; custom_padding_phone=&#8221;11vh||11vh||true|false&#8221; custom_padding_last_edited=&#8221;on|desktop&#8221; global_colors_info=&#8221;{}&#8221;][et_pb_image src=&#8221;@ET-DC@eyJkeW5hbWljIjp0cnVlLCJjb250ZW50IjoicG9zdF9mZWF0dXJlZF9pbWFnZSIsInNldHRpbmdzIjp7fX0=@&#8221; _builder_version=&#8221;4.27.5&#8243; _dynamic_attributes=&#8221;src&#8221; _module_preset=&#8221;default&#8221; global_colors_info=&#8221;{}&#8221;][\/et_pb_image][\/et_pb_column][et_pb_column type=&#8221;1_3&#8243; _builder_version=&#8221;4.27.5&#8243; _module_preset=&#8221;default&#8221; custom_padding=&#8221;41px|15vh|||false|false&#8221; custom_padding_tablet=&#8221;0px|24px||24px|false|true&#8221; custom_padding_phone=&#8221;1px|10px||10px|false|true&#8221; custom_padding_last_edited=&#8221;on|desktop&#8221; global_colors_info=&#8221;{}&#8221;][et_pb_heading title=&#8221;@ET-DC@eyJkeW5hbWljIjp0cnVlLCJjb250ZW50IjoicG9zdF90aXRsZSIsInNldHRpbmdzIjp7ImJlZm9yZSI6IiIsImFmdGVyIjoiIn19@&#8221; _builder_version=&#8221;4.27.5&#8243; _dynamic_attributes=&#8221;title&#8221; _module_preset=&#8221;default&#8221; title_font=&#8221;||||||||&#8221; title_font_size=&#8221;70px&#8221; title_font_size_tablet=&#8221;70px&#8221; title_font_size_phone=&#8221;38px&#8221; title_font_size_last_edited=&#8221;on|phone&#8221; global_colors_info=&#8221;{}&#8221;][\/et_pb_heading][et_pb_text _builder_version=&#8221;4.27.5&#8243; _module_preset=&#8221;default&#8221; global_colors_info=&#8221;{}&#8221;]<\/p>\n<p class=\"p1\"><span class=\"s1\"><b>Lazer Kesim Stor Perde<\/b><\/span>, modern tasar\u0131m\u0131 ve \u00f6zel i\u015f\u00e7ilik detaylar\u0131yla mekanlara \u015f\u0131kl\u0131k katan yenilik\u00e7i bir perde \u00e7\u00f6z\u00fcm\u00fcd\u00fcr. Lazer kesim teknolojisi sayesinde desenler ve motifler kuma\u015f \u00fczerinde hassas ve estetik bir \u015fekilde i\u015flenir, \u0131\u015f\u0131\u011f\u0131n mek\u00e2na yumu\u015fak ve kontroll\u00fc bi\u00e7imde yay\u0131lmas\u0131n\u0131 sa\u011flar.<\/p>\n<p class=\"p2\">\n<p class=\"p1\">Tek mekanizma \u00fczerinde \u00e7al\u0131\u015fan sistem, kullan\u0131m kolayl\u0131\u011f\u0131 sunar ve dekoratif a\u00e7\u0131dan mekanlara sofistike bir g\u00f6r\u00fcn\u00fcm kazand\u0131r\u0131r. Farkl\u0131 renk, desen ve \u00f6l\u00e7\u00fc se\u00e7enekleriyle <span class=\"s1\"><b>Lazer Kesim Stor Perde<\/b><\/span>, estetikten \u00f6d\u00fcn vermeden fonksiyonelli\u011fi \u00f6n planda tutan kullan\u0131c\u0131lar i\u00e7in ideal bir tercihtir.<\/p>\n<p>[\/et_pb_text][et_pb_icon font_icon=&#8221;&#xf1c1;||fa||900&#8243; icon_width=&#8221;56px&#8221; url_new_window=&#8221;on&#8221; align=&#8221;right&#8221; _builder_version=&#8221;4.27.5&#8243; _module_preset=&#8221;default&#8221; hover_enabled=&#8221;0&#8243; global_colors_info=&#8221;{}&#8221; url=&#8221;https:\/\/reyaperde.com\/catalog\/Lazer-Kesim.pdf&#8221; sticky_enabled=&#8221;0&#8243;][\/et_pb_icon][\/et_pb_column][\/et_pb_row][\/et_pb_section][et_pb_section fb_built=&#8221;1&#8243; admin_label=&#8221;Work&#8221; module_id=&#8221;kategori&#8221; _builder_version=&#8221;4.27.5&#8243; background_image=&#8221;https:\/\/reyaperde.com\/wp-content\/uploads\/2025\/12\/art-gallery-55.jpg&#8221; background_size=&#8221;initial&#8221; background_repeat=&#8221;repeat&#8221; custom_padding=&#8221;47px|||||&#8221; global_colors_info=&#8221;{}&#8221;][et_pb_row _builder_version=&#8221;4.27.5&#8243; _module_preset=&#8221;default&#8221; global_colors_info=&#8221;{}&#8221;][et_pb_column type=&#8221;4_4&#8243; _builder_version=&#8221;4.27.5&#8243; _module_preset=&#8221;default&#8221; global_colors_info=&#8221;{}&#8221;][et_pb_gallery gallery_ids=&#8221;477,478,479,480,481,482,483,484,485,486,487,488,489,490,491,492,493,494,495,496,497,498,499,500,501,502,503,504,505&#8243; posts_number=&#8221;200&#8243; show_pagination=&#8221;off&#8221; _builder_version=&#8221;4.27.5&#8243; _module_preset=&#8221;default&#8221; title_text_align=&#8221;center&#8221; box_shadow_style_image=&#8221;preset1&#8243; global_colors_info=&#8221;{}&#8221;][\/et_pb_gallery][et_pb_text _builder_version=&#8221;4.27.5&#8243; _module_preset=&#8221;default&#8221; text_font=&#8221;|700|||||||&#8221; text_text_color=&#8221;#FFFFFF&#8221; text_font_size=&#8221;26px&#8221; text_letter_spacing=&#8221;5px&#8221; background_color=&#8221;#E02B20&#8243; text_orientation=&#8221;center&#8221; custom_padding=&#8221;20px||20px||true|false&#8221; global_colors_info=&#8221;{}&#8221;]<\/p>\n<p>LAMA RENK SE\u00c7ENEKLER\u0130<\/p>\n<p>[\/et_pb_text][et_pb_image src=&#8221;https:\/\/reyaperde.com\/wp-content\/uploads\/2025\/12\/Ekran-Resmi-2025-12-23-11.45.41-scaled.png&#8221; title_text=&#8221;Ekran Resmi 2025-12-23 11.45.41&#8243; align=&#8221;center&#8221; _builder_version=&#8221;4.27.5&#8243; _module_preset=&#8221;default&#8221; global_colors_info=&#8221;{}&#8221;][\/et_pb_image][\/et_pb_column][\/et_pb_row][\/et_pb_section]<\/p>\n","protected":false},"excerpt":{"rendered":"<p>Lazer Kesim Stor Perde, modern tasar\u0131m\u0131 ve \u00f6zel i\u015f\u00e7ilik detaylar\u0131yla mekanlara \u015f\u0131kl\u0131k katan yenilik\u00e7i bir perde \u00e7\u00f6z\u00fcm\u00fcd\u00fcr. Lazer kesim teknolojisi sayesinde desenler ve motifler kuma\u015f \u00fczerinde hassas ve estetik bir \u015fekilde i\u015flenir, \u0131\u015f\u0131\u011f\u0131n mek\u00e2na yumu\u015fak ve kontroll\u00fc bi\u00e7imde yay\u0131lmas\u0131n\u0131 sa\u011flar. Tek mekanizma \u00fczerinde \u00e7al\u0131\u015fan sistem, kullan\u0131m kolayl\u0131\u011f\u0131 sunar ve dekoratif a\u00e7\u0131dan mekanlara sofistike bir g\u00f6r\u00fcn\u00fcm [&hellip;]<\/p>\n","protected":false},"author":1,"featured_media":0,"parent":0,"menu_order":0,"comment_status":"closed","ping_status":"closed","template":"","meta":{"_acf_changed":false,"_et_pb_use_builder":"on","_et_pb_old_content":"","_et_gb_content_width":"","_vp_format_video_url":"","_vp_image_focal_point":[],"footnotes":""},"difl_page_category":[],"class_list":["post-180","page","type-page","status-publish","hentry"],"acf":[],"_links":{"self":[{"href":"https:\/\/reyaperde.com\/de\/wp-json\/wp\/v2\/pages\/180","targetHints":{"allow":["GET"]}}],"collection":[{"href":"https:\/\/reyaperde.com\/de\/wp-json\/wp\/v2\/pages"}],"about":[{"href":"https:\/\/reyaperde.com\/de\/wp-json\/wp\/v2\/types\/page"}],"author":[{"embeddable":true,"href":"https:\/\/reyaperde.com\/de\/wp-json\/wp\/v2\/users\/1"}],"replies":[{"embeddable":true,"href":"https:\/\/reyaperde.com\/de\/wp-json\/wp\/v2\/comments?post=180"}],"version-history":[{"count":8,"href":"https:\/\/reyaperde.com\/de\/wp-json\/wp\/v2\/pages\/180\/revisions"}],"predecessor-version":[{"id":1086,"href":"https:\/\/reyaperde.com\/de\/wp-json\/wp\/v2\/pages\/180\/revisions\/1086"}],"wp:attachment":[{"href":"https:\/\/reyaperde.com\/de\/wp-json\/wp\/v2\/media?parent=180"}],"wp:term":[{"taxonomy":"difl_page_category","embeddable":true,"href":"https:\/\/reyaperde.com\/de\/wp-json\/wp\/v2\/difl_page_category?post=180"}],"curies":[{"name":"wp","href":"https:\/\/api.w.org\/{rel}","templated":true}]}}