{"id":172,"date":"2025-12-19T05:20:01","date_gmt":"2025-12-19T02:20:01","guid":{"rendered":"https:\/\/reyaperde.com\/?page_id=172"},"modified":"2026-02-04T08:10:58","modified_gmt":"2026-02-04T05:10:58","slug":"zebra-perde","status":"publish","type":"page","link":"https:\/\/reyaperde.com\/de\/zebra-perde\/","title":{"rendered":"Zebra-Vorhang"},"content":{"rendered":"<p>[et_pb_section fb_built=&#8221;1&#8243; _builder_version=&#8221;4.27.5&#8243; _module_preset=&#8221;default&#8221; custom_margin=&#8221;0px|0px|0px|0px|true|true&#8221; custom_padding=&#8221;0px|0px|0px|0px|true|true&#8221; global_colors_info=&#8221;{}&#8221;][et_pb_row column_structure=&#8221;2_3,1_3&#8243; use_custom_gutter=&#8221;on&#8221; make_equal=&#8221;on&#8221; _builder_version=&#8221;4.27.5&#8243; _module_preset=&#8221;default&#8221; width=&#8221;100%&#8221; max_width=&#8221;100%&#8221; max_height=&#8221;51%&#8221; custom_padding=&#8221;1px||1px|||&#8221; global_colors_info=&#8221;{}&#8221;][et_pb_column type=&#8221;2_3&#8243; _builder_version=&#8221;4.27.5&#8243; _module_preset=&#8221;default&#8221; background_image=&#8221;https:\/\/reyaperde.com\/wp-content\/uploads\/2025\/12\/Zebra.jpeg&#8221; custom_padding=&#8221;18vh||18vh||true|false&#8221; custom_padding_tablet=&#8221;11vh||11vh||true|false&#8221; custom_padding_phone=&#8221;11vh||11vh||true|false&#8221; custom_padding_last_edited=&#8221;on|desktop&#8221; global_colors_info=&#8221;{}&#8221;][et_pb_image src=&#8221;@ET-DC@eyJkeW5hbWljIjp0cnVlLCJjb250ZW50IjoicG9zdF9mZWF0dXJlZF9pbWFnZSIsInNldHRpbmdzIjp7fX0=@&#8221; _builder_version=&#8221;4.27.5&#8243; _dynamic_attributes=&#8221;src&#8221; _module_preset=&#8221;default&#8221; global_colors_info=&#8221;{}&#8221;][\/et_pb_image][\/et_pb_column][et_pb_column type=&#8221;1_3&#8243; _builder_version=&#8221;4.27.5&#8243; _module_preset=&#8221;default&#8221; custom_padding=&#8221;41px|15vh|||false|false&#8221; custom_padding_tablet=&#8221;0px|24px||24px|false|true&#8221; custom_padding_phone=&#8221;1px|10px||10px|false|true&#8221; custom_padding_last_edited=&#8221;on|desktop&#8221; global_colors_info=&#8221;{}&#8221;][et_pb_heading title=&#8221;@ET-DC@eyJkeW5hbWljIjp0cnVlLCJjb250ZW50IjoicG9zdF90aXRsZSIsInNldHRpbmdzIjp7ImJlZm9yZSI6IiIsImFmdGVyIjoiIn19@&#8221; _builder_version=&#8221;4.27.5&#8243; _dynamic_attributes=&#8221;title&#8221; _module_preset=&#8221;default&#8221; title_font=&#8221;||||||||&#8221; title_font_size=&#8221;70px&#8221; title_font_size_tablet=&#8221;70px&#8221; title_font_size_phone=&#8221;38px&#8221; title_font_size_last_edited=&#8221;on|phone&#8221; global_colors_info=&#8221;{}&#8221;][\/et_pb_heading][et_pb_text _builder_version=&#8221;4.27.5&#8243; _module_preset=&#8221;default&#8221; global_colors_info=&#8221;{}&#8221;]<\/p>\n<p class=\"p1\"><span class=\"s1\"><b>Zebra Stor Perde<\/b><\/span>, modern tasar\u0131m\u0131 ve fonksiyonel yap\u0131s\u0131yla \u0131\u015f\u0131k kontrol\u00fcn\u00fc en pratik \u015fekilde sa\u011flayan yenilik\u00e7i bir perde sistemidir. \u00d6zel olarak tasarlanm\u0131\u015f \u015feffaf ve opak \u015feritlerin ard\u0131\u015f\u0131k yap\u0131s\u0131 sayesinde, g\u00fcn \u0131\u015f\u0131\u011f\u0131n\u0131 istenilen oranda i\u00e7 mek\u00e2na al\u0131rken ayn\u0131 zamanda mahremiyet sa\u011flar.<\/p>\n<p class=\"p2\">\n<p class=\"p1\">Kullan\u0131m\u0131 son derece kolay olan mekanizmas\u0131, perdeyi tamamen a\u00e7ma, kapama ya da yar\u0131 ge\u00e7irgen konumda kullanma imk\u00e2n\u0131 sunar. Minimal ve \u015f\u0131k g\u00f6r\u00fcn\u00fcm\u00fcyle hem ev hem de ofis ortamlar\u0131nda tercih edilir. Farkl\u0131 renk, desen ve \u00f6l\u00e7\u00fc se\u00e7enekleriyle her dekorasyon tarz\u0131na uyum sa\u011flar.<\/p>\n<p class=\"p2\">\n<p class=\"p1\">Dayan\u0131kl\u0131 kuma\u015f yap\u0131s\u0131, uzun \u00f6m\u00fcrl\u00fc mekanizmas\u0131 ve estetik duru\u015fuyla <span class=\"s1\"><b>Zebra Stor Perde<\/b><\/span>, konforu ve \u015f\u0131kl\u0131\u011f\u0131 bir arada arayanlar i\u00e7in ideal bir perde \u00e7\u00f6z\u00fcm\u00fcd\u00fcr.<\/p>\n<p>[\/et_pb_text][et_pb_icon font_icon=&#8221;&#xf1c1;||fa||900&#8243; icon_width=&#8221;56px&#8221; url=&#8221;https:\/\/reyaperde.com\/catalog\/Zebra.pdf&#8221; url_new_window=&#8221;on&#8221; align=&#8221;right&#8221; _builder_version=&#8221;4.27.5&#8243; _module_preset=&#8221;default&#8221; hover_enabled=&#8221;0&#8243; global_colors_info=&#8221;{}&#8221; sticky_enabled=&#8221;0&#8243;][\/et_pb_icon][\/et_pb_column][\/et_pb_row][\/et_pb_section][et_pb_section fb_built=&#8221;1&#8243; admin_label=&#8221;Work&#8221; module_id=&#8221;kategori&#8221; _builder_version=&#8221;4.27.5&#8243; background_image=&#8221;https:\/\/reyaperde.com\/wp-content\/uploads\/2025\/12\/art-gallery-55.jpg&#8221; background_size=&#8221;initial&#8221; background_repeat=&#8221;repeat&#8221; custom_padding=&#8221;47px|||||&#8221; global_colors_info=&#8221;{}&#8221;][et_pb_row _builder_version=&#8221;4.27.5&#8243; _module_preset=&#8221;default&#8221; global_colors_info=&#8221;{}&#8221;][et_pb_column type=&#8221;4_4&#8243; _builder_version=&#8221;4.27.5&#8243; _module_preset=&#8221;default&#8221; global_colors_info=&#8221;{}&#8221;][et_pb_gallery gallery_ids=&#8221;507,508,509,510,511,512,513,514,515,516,517,518,519,520,521,522,523,524,525,526,527,528,529,530,531,532,533,534,535,536,537,538,539,540,541,542,543,544,545,546,547,548,549,550,551,552,553,554,555,556,557,558,559,560,561,562,563,564,565,566,567,568,569,570,571,572,573,574,575,576,577,578,579,580,581,582,583,584,585,586,587,588,589,590,591,592,593,594,595,596,597,598,599,600,601,602,603,604,605,606,607,608,609,610,611,612,613,614,615,616,617,618,619,620,621,622,623,624&#8243; posts_number=&#8221;200&#8243; show_pagination=&#8221;off&#8221; _builder_version=&#8221;4.27.5&#8243; _module_preset=&#8221;default&#8221; title_text_align=&#8221;center&#8221; box_shadow_style_image=&#8221;preset1&#8243; global_colors_info=&#8221;{}&#8221;][\/et_pb_gallery][\/et_pb_column][\/et_pb_row][\/et_pb_section]<\/p>\n","protected":false},"excerpt":{"rendered":"<p>Zebra Stor Perde, modern tasar\u0131m\u0131 ve fonksiyonel yap\u0131s\u0131yla \u0131\u015f\u0131k kontrol\u00fcn\u00fc en pratik \u015fekilde sa\u011flayan yenilik\u00e7i bir perde sistemidir. \u00d6zel olarak tasarlanm\u0131\u015f \u015feffaf ve opak \u015feritlerin ard\u0131\u015f\u0131k yap\u0131s\u0131 sayesinde, g\u00fcn \u0131\u015f\u0131\u011f\u0131n\u0131 istenilen oranda i\u00e7 mek\u00e2na al\u0131rken ayn\u0131 zamanda mahremiyet sa\u011flar. Kullan\u0131m\u0131 son derece kolay olan mekanizmas\u0131, perdeyi tamamen a\u00e7ma, kapama ya da yar\u0131 ge\u00e7irgen konumda kullanma [&hellip;]<\/p>\n","protected":false},"author":1,"featured_media":0,"parent":0,"menu_order":0,"comment_status":"closed","ping_status":"closed","template":"","meta":{"_acf_changed":false,"_et_pb_use_builder":"on","_et_pb_old_content":"","_et_gb_content_width":"","_vp_format_video_url":"","_vp_image_focal_point":[],"footnotes":""},"difl_page_category":[],"class_list":["post-172","page","type-page","status-publish","hentry"],"acf":[],"_links":{"self":[{"href":"https:\/\/reyaperde.com\/de\/wp-json\/wp\/v2\/pages\/172","targetHints":{"allow":["GET"]}}],"collection":[{"href":"https:\/\/reyaperde.com\/de\/wp-json\/wp\/v2\/pages"}],"about":[{"href":"https:\/\/reyaperde.com\/de\/wp-json\/wp\/v2\/types\/page"}],"author":[{"embeddable":true,"href":"https:\/\/reyaperde.com\/de\/wp-json\/wp\/v2\/users\/1"}],"replies":[{"embeddable":true,"href":"https:\/\/reyaperde.com\/de\/wp-json\/wp\/v2\/comments?post=172"}],"version-history":[{"count":7,"href":"https:\/\/reyaperde.com\/de\/wp-json\/wp\/v2\/pages\/172\/revisions"}],"predecessor-version":[{"id":1081,"href":"https:\/\/reyaperde.com\/de\/wp-json\/wp\/v2\/pages\/172\/revisions\/1081"}],"wp:attachment":[{"href":"https:\/\/reyaperde.com\/de\/wp-json\/wp\/v2\/media?parent=172"}],"wp:term":[{"taxonomy":"difl_page_category","embeddable":true,"href":"https:\/\/reyaperde.com\/de\/wp-json\/wp\/v2\/difl_page_category?post=172"}],"curies":[{"name":"wp","href":"https:\/\/api.w.org\/{rel}","templated":true}]}}